{"id":359,"date":"2024-08-11T12:46:57","date_gmt":"2024-08-11T10:46:57","guid":{"rendered":"https:\/\/www.mountainjoy.sk\/?page_id=359"},"modified":"2024-08-14T16:37:29","modified_gmt":"2024-08-14T14:37:29","slug":"mala-fatra","status":"publish","type":"page","link":"https:\/\/mountainjoy.sk\/en\/mala-fatra\/","title":{"rendered":"Little Fatra"},"content":{"rendered":"<style type=\"text\/css\" data-created_by=\"avia_inline_auto\" id=\"style-css-av-lxqbi3va-f1bbbdfdf225c2cd2d6e6df01fcf076e\">\n.avia-section.av-lxqbi3va-f1bbbdfdf225c2cd2d6e6df01fcf076e{\nbackground-color:#ffffff;\nbackground-image:unset;\n}\n<\/style>\n<div id='av_section_1'  class='avia-section av-lxqbi3va-f1bbbdfdf225c2cd2d6e6df01fcf076e main_color avia-section-default avia-no-border-styling  avia-builder-el-0  el_before_av_section  avia-builder-el-first  av-medium-hide av-small-hide av-mini-hide avia-bg-style-scroll container_wrap fullsize'  ><div class='container av-section-cont-open' ><main  role=\"main\" itemprop=\"mainContentOfPage\"  class='template-page content  av-content-full alpha units'><div class='post-entry post-entry-type-page post-entry-359'><div class='entry-content-wrapper clearfix'>\n\n<style type=\"text\/css\" data-created_by=\"avia_inline_auto\" id=\"style-css-av-fe276-d59d305480d80de83c843772e1677e02\">\n#top .av_textblock_section.av-fe276-d59d305480d80de83c843772e1677e02 .avia_textblock{\nfont-size:40px;\ntext-align:center;\n}\n<\/style>\n<section  class='av_textblock_section av-fe276-d59d305480d80de83c843772e1677e02'   itemscope=\"itemscope\" itemtype=\"https:\/\/schema.org\/CreativeWork\" ><div class='avia_textblock'  itemprop=\"text\" ><h1>LITTLE FATRA<\/h1>\n<\/div><\/section>\n<div class='flex_column_table av-lzo3rdn4-b8004fc47c6c22e5cefa37df1411190c sc-av_one_half av-equal-height-column-flextable'><div  class='flex_column av-lzo3rdn4-b8004fc47c6c22e5cefa37df1411190c av_one_half  avia-builder-el-2  el_after_av_textblock  el_before_av_one_half  first flex_column_table_cell av-equal-height-column av-align-middle  column-top-margin'     ><style type=\"text\/css\" data-created_by=\"avia_inline_auto\" id=\"style-css-av-lzo2xcgj-776b3e74ce926b80ef55b53cdcf626f5\">\n#top .av_textblock_section.av-lzo2xcgj-776b3e74ce926b80ef55b53cdcf626f5 .avia_textblock{\nfont-size:18px;\ntext-align:center;\n}\n<\/style>\n<section  class='av_textblock_section av-lzo2xcgj-776b3e74ce926b80ef55b53cdcf626f5'   itemscope=\"itemscope\" itemtype=\"https:\/\/schema.org\/CreativeWork\" ><div class='avia_textblock'  itemprop=\"text\" ><p>Experience a day full of discovery in the beautiful Mal\u00e1 Fatra mountain range, a gem of Slovakia. This range offers stunning natural scenery, such as the majestic Ve\u013ek\u00fd Kriv\u00e1\u0148, which rises to 1,709 meters, or the fascinating \u0160\u00fatovsk\u00fd Waterfall, one of the highest in Slovakia at 38 meters. In Mal\u00e1 Fatra, you can also spot rare animals like the Eurasian lynx, brown bear, and golden eagle. We will lead you not only on the most well-known trails but also through hidden corners where you can experience the tranquility and peace of nature. The area mostly features easy to moderate trails, so there is something for everyone.<\/p>\n<\/div><\/section><\/div><div class='av-flex-placeholder'><\/div><div  class='flex_column av-7j28is-537572c04655189e7703156e06e62371 av_one_half  avia-builder-el-4  el_after_av_one_half  avia-builder-el-last  flex_column_table_cell av-equal-height-column av-align-middle  column-top-margin'     ><div id='av-masonry-1' class='av-masonry av-lzo3pb7t-1e88bb5d773bb7f2efcf4fb4ef5ebb77 noHover av-fixed-size av-large-gap av-hover-overlay-active av-masonry-animation-active av-masonry-col-3 av-caption-always av-caption-style- av-masonry-gallery av-desktop-columns-overwrite av-desktop-columns-3' data-post_id=\"359\"><div class=\"av-masonry-container isotope av-js-disabled\"><div class='av-masonry-entry isotope-item av-masonry-item-no-image'><\/div><a href=\"https:\/\/mountainjoy.sk\/wp-content\/uploads\/2024\/08\/mala-fatra4-1030x773.jpg\" data-srcset=\"https:\/\/mountainjoy.sk\/wp-content\/uploads\/2024\/08\/mala-fatra4-1030x773.jpg 1030w, https:\/\/mountainjoy.sk\/wp-content\/uploads\/2024\/08\/mala-fatra4-300x225.jpg 300w, https:\/\/mountainjoy.sk\/wp-content\/uploads\/2024\/08\/mala-fatra4-768x576.jpg 768w, https:\/\/mountainjoy.sk\/wp-content\/uploads\/2024\/08\/mala-fatra4-705x529.jpg 705w, https:\/\/mountainjoy.sk\/wp-content\/uploads\/2024\/08\/mala-fatra4.jpg 1200w\" data-sizes=\"(max-width: 1030px) 100vw, 1030px\"  aria-label=\"image Mal\u00e1 Fatra v\u00fdh\u013eady\"  id='av-masonry-1-item-496' data-av-masonry-item='496' class='av-masonry-entry isotope-item post-496 attachment type-attachment status-inherit hentry  av-masonry-item-with-image av-grid-img' title=\"Mal\u00e1 Fatra v\u00fdh\u013eady\" alt=\"Mal\u00e1 Fatra v\u00fdh\u013eady\"    itemprop=\"thumbnailUrl\" ><div class='av-inner-masonry-sizer'><\/div><figure class='av-inner-masonry main_color'><div class=\"av-masonry-outerimage-container\"><div class='av-masonry-image-container' style=\"background-image: url(https:\/\/mountainjoy.sk\/wp-content\/uploads\/2024\/08\/mala-fatra4-705x529.jpg);\"  title=\"Mal\u00e1 Fatra v\u00fdh\u013eady\" ><\/div><\/div><\/figure><\/a><!--end av-masonry entry--><a href=\"https:\/\/mountainjoy.sk\/wp-content\/uploads\/2024\/08\/mala-fatra3-1030x773.jpg\" data-srcset=\"https:\/\/mountainjoy.sk\/wp-content\/uploads\/2024\/08\/mala-fatra3-1030x773.jpg 1030w, https:\/\/mountainjoy.sk\/wp-content\/uploads\/2024\/08\/mala-fatra3-300x225.jpg 300w, https:\/\/mountainjoy.sk\/wp-content\/uploads\/2024\/08\/mala-fatra3-768x576.jpg 768w, https:\/\/mountainjoy.sk\/wp-content\/uploads\/2024\/08\/mala-fatra3-705x529.jpg 705w, https:\/\/mountainjoy.sk\/wp-content\/uploads\/2024\/08\/mala-fatra3.jpg 1200w\" data-sizes=\"(max-width: 1030px) 100vw, 1030px\"  aria-label=\"image Mal\u00e1 Fatra v\u00fdh\u013eady\"  id='av-masonry-1-item-495' data-av-masonry-item='495' class='av-masonry-entry isotope-item post-495 attachment type-attachment status-inherit hentry  av-masonry-item-with-image av-grid-img' title=\"Mal\u00e1 Fatra v\u00fdh\u013eady\" alt=\"Mal\u00e1 Fatra v\u00fdh\u013eady\"    itemprop=\"thumbnailUrl\" ><div class='av-inner-masonry-sizer'><\/div><figure class='av-inner-masonry main_color'><div class=\"av-masonry-outerimage-container\"><div class='av-masonry-image-container' style=\"background-image: url(https:\/\/mountainjoy.sk\/wp-content\/uploads\/2024\/08\/mala-fatra3-705x529.jpg);\"  title=\"Mal\u00e1 Fatra v\u00fdh\u013eady\" ><\/div><\/div><\/figure><\/a><!--end av-masonry entry--><a href=\"https:\/\/mountainjoy.sk\/wp-content\/uploads\/2024\/08\/mala-fatra1-1030x773.jpeg\" data-srcset=\"https:\/\/mountainjoy.sk\/wp-content\/uploads\/2024\/08\/mala-fatra1-1030x773.jpeg 1030w, https:\/\/mountainjoy.sk\/wp-content\/uploads\/2024\/08\/mala-fatra1-300x225.jpeg 300w, https:\/\/mountainjoy.sk\/wp-content\/uploads\/2024\/08\/mala-fatra1-768x576.jpeg 768w, https:\/\/mountainjoy.sk\/wp-content\/uploads\/2024\/08\/mala-fatra1-705x529.jpeg 705w, https:\/\/mountainjoy.sk\/wp-content\/uploads\/2024\/08\/mala-fatra1.jpeg 1200w\" data-sizes=\"(max-width: 1030px) 100vw, 1030px\"  aria-label=\"image Mal\u00e1 Fatra Such\u00fd\"  id='av-masonry-1-item-493' data-av-masonry-item='493' class='av-masonry-entry isotope-item post-493 attachment type-attachment status-inherit hentry  av-masonry-item-with-image av-grid-img' title=\"Mal\u00e1 Fatra Such\u00fd\" alt=\"Mal\u00e1 Fatra Such\u00fd\"    itemprop=\"thumbnailUrl\" ><div class='av-inner-masonry-sizer'><\/div><figure class='av-inner-masonry main_color'><div class=\"av-masonry-outerimage-container\"><div class='av-masonry-image-container' style=\"background-image: url(https:\/\/mountainjoy.sk\/wp-content\/uploads\/2024\/08\/mala-fatra1-705x529.jpeg);\"  title=\"Mal\u00e1 Fatra Such\u00fd\" ><\/div><\/div><\/figure><\/a><!--end av-masonry entry--><a href=\"https:\/\/mountainjoy.sk\/wp-content\/uploads\/2024\/08\/mala-fatra2-773x1030.jpg\" data-srcset=\"https:\/\/mountainjoy.sk\/wp-content\/uploads\/2024\/08\/mala-fatra2-773x1030.jpg 773w, https:\/\/mountainjoy.sk\/wp-content\/uploads\/2024\/08\/mala-fatra2-225x300.jpg 225w, https:\/\/mountainjoy.sk\/wp-content\/uploads\/2024\/08\/mala-fatra2-768x1024.jpg 768w, https:\/\/mountainjoy.sk\/wp-content\/uploads\/2024\/08\/mala-fatra2-529x705.jpg 529w, https:\/\/mountainjoy.sk\/wp-content\/uploads\/2024\/08\/mala-fatra2-rotated.jpg 900w\" data-sizes=\"(max-width: 773px) 100vw, 773px\"  aria-label=\"image Mal\u00e1 Fatra V. Rozsutec\"  id='av-masonry-1-item-494' data-av-masonry-item='494' class='av-masonry-entry isotope-item post-494 attachment type-attachment status-inherit hentry  av-masonry-item-with-image av-grid-img' title=\"Mal\u00e1 Fatra V. Rozsutec\" alt=\"Mal\u00e1 Fatra V. Rozsutec\"    itemprop=\"thumbnailUrl\" ><div class='av-inner-masonry-sizer'><\/div><figure class='av-inner-masonry main_color'><div class=\"av-masonry-outerimage-container\"><div class='av-masonry-image-container' style=\"background-image: url(https:\/\/mountainjoy.sk\/wp-content\/uploads\/2024\/08\/mala-fatra2-529x705.jpg);\"  title=\"Mal\u00e1 Fatra V. Rozsutec\" ><\/div><\/div><\/figure><\/a><!--end av-masonry entry--><a href=\"https:\/\/mountainjoy.sk\/wp-content\/uploads\/2024\/08\/mala-fatra6-rotated.jpeg\" data-srcset=\"https:\/\/mountainjoy.sk\/wp-content\/uploads\/2024\/08\/mala-fatra6-rotated.jpeg 675w, https:\/\/mountainjoy.sk\/wp-content\/uploads\/2024\/08\/mala-fatra6-225x300.jpeg 225w, https:\/\/mountainjoy.sk\/wp-content\/uploads\/2024\/08\/mala-fatra6-529x705.jpeg 529w\" data-sizes=\"(max-width: 675px) 100vw, 675px\"  aria-label=\"image Mal\u00e1 Fatra v\u00fdh\u013eady\"  id='av-masonry-1-item-498' data-av-masonry-item='498' class='av-masonry-entry isotope-item post-498 attachment type-attachment status-inherit hentry  av-masonry-item-with-image av-grid-img' title=\"Mal\u00e1 Fatra v\u00fdh\u013eady\" alt=\"Mal\u00e1 Fatra v\u00fdh\u013eady\"    itemprop=\"thumbnailUrl\" ><div class='av-inner-masonry-sizer'><\/div><figure class='av-inner-masonry main_color'><div class=\"av-masonry-outerimage-container\"><div class='av-masonry-image-container' style=\"background-image: url(https:\/\/mountainjoy.sk\/wp-content\/uploads\/2024\/08\/mala-fatra6-529x705.jpeg);\"  title=\"Mal\u00e1 Fatra v\u00fdh\u013eady\" ><\/div><\/div><\/figure><\/a><!--end av-masonry entry--><a href=\"https:\/\/mountainjoy.sk\/wp-content\/uploads\/2024\/08\/mala-fatra7-1030x773.jpeg\" data-srcset=\"https:\/\/mountainjoy.sk\/wp-content\/uploads\/2024\/08\/mala-fatra7-1030x773.jpeg 1030w, https:\/\/mountainjoy.sk\/wp-content\/uploads\/2024\/08\/mala-fatra7-300x225.jpeg 300w, https:\/\/mountainjoy.sk\/wp-content\/uploads\/2024\/08\/mala-fatra7-768x576.jpeg 768w, https:\/\/mountainjoy.sk\/wp-content\/uploads\/2024\/08\/mala-fatra7-705x529.jpeg 705w, https:\/\/mountainjoy.sk\/wp-content\/uploads\/2024\/08\/mala-fatra7.jpeg 1200w\" data-sizes=\"(max-width: 1030px) 100vw, 1030px\"  aria-label=\"image Mal\u00e1 Fatra v\u00fdh\u013eady\"  id='av-masonry-1-item-500' data-av-masonry-item='500' class='av-masonry-entry isotope-item post-500 attachment type-attachment status-inherit hentry  av-masonry-item-with-image av-grid-img' title=\"Mal\u00e1 Fatra v\u00fdh\u013eady\" alt=\"Mal\u00e1 Fatra v\u00fdh\u013eady\"    itemprop=\"thumbnailUrl\" ><div class='av-inner-masonry-sizer'><\/div><figure class='av-inner-masonry main_color'><div class=\"av-masonry-outerimage-container\"><div class='av-masonry-image-container' style=\"background-image: url(https:\/\/mountainjoy.sk\/wp-content\/uploads\/2024\/08\/mala-fatra7-705x529.jpeg);\"  title=\"Mal\u00e1 Fatra v\u00fdh\u013eady\" ><\/div><\/div><\/figure><\/a><!--end av-masonry entry--><\/div><\/div><\/div><\/div><!--close column table wrapper. Autoclose: 1 --><\/div><\/div><\/main><!-- close content main element --><\/div><\/div>\n<style type=\"text\/css\" data-created_by=\"avia_inline_auto\" id=\"style-css-av-lztvokya-7e0631623a0ebb08206ead50e80a5573\">\n.avia-section.av-lztvokya-7e0631623a0ebb08206ead50e80a5573{\nbackground-color:#ffffff;\nbackground-image:unset;\n}\n<\/style>\n<div id='av_section_2'  class='avia-section av-lztvokya-7e0631623a0ebb08206ead50e80a5573 main_color avia-section-default avia-no-border-styling  avia-builder-el-6  el_after_av_section  el_before_av_section  av-desktop-hide avia-bg-style-scroll container_wrap fullsize'  ><div class='container av-section-cont-open' ><div class='template-page content  av-content-full alpha units'><div class='post-entry post-entry-type-page post-entry-359'><div class='entry-content-wrapper clearfix'>\n\n<style type=\"text\/css\" data-created_by=\"avia_inline_auto\" id=\"style-css-av-ekb9z-8b1df37a2e836ee8af783ccb1f5f97d9\">\n#top .av_textblock_section.av-ekb9z-8b1df37a2e836ee8af783ccb1f5f97d9 .avia_textblock{\nfont-size:40px;\ntext-align:center;\n}\n<\/style>\n<section  class='av_textblock_section av-ekb9z-8b1df37a2e836ee8af783ccb1f5f97d9'   itemscope=\"itemscope\" itemtype=\"https:\/\/schema.org\/CreativeWork\" ><div class='avia_textblock'  itemprop=\"text\" ><h1>LITTLE FATRA<\/h1>\n<\/div><\/section>\n\n<style type=\"text\/css\" data-created_by=\"avia_inline_auto\" id=\"style-css-av-6qdl3-6b9da345d3f3a72440f1af1b4861ccbb\">\n#top .av_textblock_section.av-6qdl3-6b9da345d3f3a72440f1af1b4861ccbb .avia_textblock{\nfont-size:18px;\ntext-align:center;\n}\n<\/style>\n<section  class='av_textblock_section av-6qdl3-6b9da345d3f3a72440f1af1b4861ccbb'   itemscope=\"itemscope\" itemtype=\"https:\/\/schema.org\/CreativeWork\" ><div class='avia_textblock'  itemprop=\"text\" ><p>Experience a day full of discovery in the beautiful Mal\u00e1 Fatra mountain range, a gem of Slovakia. This range offers stunning natural scenery, such as the majestic Ve\u013ek\u00fd Kriv\u00e1\u0148, which rises to 1,709 meters, or the fascinating \u0160\u00fatovsk\u00fd Waterfall, one of the highest in Slovakia at 38 meters. In Mal\u00e1 Fatra, you can also spot rare animals like the Eurasian lynx, brown bear, and golden eagle. We will lead you not only on the most well-known trails but also through hidden corners where you can experience the tranquility and peace of nature. The area mostly features easy to moderate trails, so there is something for everyone.<\/p>\n<\/div><\/section>\n<div id='av-masonry-2' class='av-masonry av-lztvp5xq-41b2312381ffaee61ec6d0243dfc963b noHover av-fixed-size av-large-gap av-hover-overlay-active av-masonry-animation-active av-masonry-col-flexible av-caption-always av-caption-style- av-masonry-gallery av-desktop-columns-overwrite av-desktop-columns-3 av-medium-columns-overwrite av-medium-columns-3 av-small-columns-overwrite av-small-columns-2 av-mini-columns-overwrite av-mini-columns-2' data-post_id=\"359\"><div class=\"av-masonry-container isotope av-js-disabled\"><div class='av-masonry-entry isotope-item av-masonry-item-no-image'><\/div><a href=\"https:\/\/mountainjoy.sk\/wp-content\/uploads\/2024\/08\/mala-fatra4-1030x773.jpg\" data-srcset=\"https:\/\/mountainjoy.sk\/wp-content\/uploads\/2024\/08\/mala-fatra4-1030x773.jpg 1030w, https:\/\/mountainjoy.sk\/wp-content\/uploads\/2024\/08\/mala-fatra4-300x225.jpg 300w, https:\/\/mountainjoy.sk\/wp-content\/uploads\/2024\/08\/mala-fatra4-768x576.jpg 768w, https:\/\/mountainjoy.sk\/wp-content\/uploads\/2024\/08\/mala-fatra4-705x529.jpg 705w, https:\/\/mountainjoy.sk\/wp-content\/uploads\/2024\/08\/mala-fatra4.jpg 1200w\" data-sizes=\"(max-width: 1030px) 100vw, 1030px\"  aria-label=\"image Mal\u00e1 Fatra v\u00fdh\u013eady\"  id='av-masonry-2-item-496' data-av-masonry-item='496' class='av-masonry-entry isotope-item post-496 attachment type-attachment status-inherit hentry  av-masonry-item-with-image av-grid-img' title=\"Mal\u00e1 Fatra v\u00fdh\u013eady\" alt=\"Mal\u00e1 Fatra v\u00fdh\u013eady\"    itemprop=\"thumbnailUrl\" ><div class='av-inner-masonry-sizer'><\/div><figure class='av-inner-masonry main_color'><div class=\"av-masonry-outerimage-container\"><div class='av-masonry-image-container' style=\"background-image: url(https:\/\/mountainjoy.sk\/wp-content\/uploads\/2024\/08\/mala-fatra4-705x529.jpg);\"  title=\"Mal\u00e1 Fatra v\u00fdh\u013eady\" ><\/div><\/div><\/figure><\/a><!--end av-masonry entry--><a href=\"https:\/\/mountainjoy.sk\/wp-content\/uploads\/2024\/08\/mala-fatra3-1030x773.jpg\" data-srcset=\"https:\/\/mountainjoy.sk\/wp-content\/uploads\/2024\/08\/mala-fatra3-1030x773.jpg 1030w, https:\/\/mountainjoy.sk\/wp-content\/uploads\/2024\/08\/mala-fatra3-300x225.jpg 300w, https:\/\/mountainjoy.sk\/wp-content\/uploads\/2024\/08\/mala-fatra3-768x576.jpg 768w, https:\/\/mountainjoy.sk\/wp-content\/uploads\/2024\/08\/mala-fatra3-705x529.jpg 705w, https:\/\/mountainjoy.sk\/wp-content\/uploads\/2024\/08\/mala-fatra3.jpg 1200w\" data-sizes=\"(max-width: 1030px) 100vw, 1030px\"  aria-label=\"image Mal\u00e1 Fatra v\u00fdh\u013eady\"  id='av-masonry-2-item-495' data-av-masonry-item='495' class='av-masonry-entry isotope-item post-495 attachment type-attachment status-inherit hentry  av-masonry-item-with-image av-grid-img' title=\"Mal\u00e1 Fatra v\u00fdh\u013eady\" alt=\"Mal\u00e1 Fatra v\u00fdh\u013eady\"    itemprop=\"thumbnailUrl\" ><div class='av-inner-masonry-sizer'><\/div><figure class='av-inner-masonry main_color'><div class=\"av-masonry-outerimage-container\"><div class='av-masonry-image-container' style=\"background-image: url(https:\/\/mountainjoy.sk\/wp-content\/uploads\/2024\/08\/mala-fatra3-705x529.jpg);\"  title=\"Mal\u00e1 Fatra v\u00fdh\u013eady\" ><\/div><\/div><\/figure><\/a><!--end av-masonry entry--><a href=\"https:\/\/mountainjoy.sk\/wp-content\/uploads\/2024\/08\/mala-fatra1-1030x773.jpeg\" data-srcset=\"https:\/\/mountainjoy.sk\/wp-content\/uploads\/2024\/08\/mala-fatra1-1030x773.jpeg 1030w, https:\/\/mountainjoy.sk\/wp-content\/uploads\/2024\/08\/mala-fatra1-300x225.jpeg 300w, https:\/\/mountainjoy.sk\/wp-content\/uploads\/2024\/08\/mala-fatra1-768x576.jpeg 768w, https:\/\/mountainjoy.sk\/wp-content\/uploads\/2024\/08\/mala-fatra1-705x529.jpeg 705w, https:\/\/mountainjoy.sk\/wp-content\/uploads\/2024\/08\/mala-fatra1.jpeg 1200w\" data-sizes=\"(max-width: 1030px) 100vw, 1030px\"  aria-label=\"image Mal\u00e1 Fatra Such\u00fd\"  id='av-masonry-2-item-493' data-av-masonry-item='493' class='av-masonry-entry isotope-item post-493 attachment type-attachment status-inherit hentry  av-masonry-item-with-image av-grid-img' title=\"Mal\u00e1 Fatra Such\u00fd\" alt=\"Mal\u00e1 Fatra Such\u00fd\"    itemprop=\"thumbnailUrl\" ><div class='av-inner-masonry-sizer'><\/div><figure class='av-inner-masonry main_color'><div class=\"av-masonry-outerimage-container\"><div class='av-masonry-image-container' style=\"background-image: url(https:\/\/mountainjoy.sk\/wp-content\/uploads\/2024\/08\/mala-fatra1-705x529.jpeg);\"  title=\"Mal\u00e1 Fatra Such\u00fd\" ><\/div><\/div><\/figure><\/a><!--end av-masonry entry--><a href=\"https:\/\/mountainjoy.sk\/wp-content\/uploads\/2024\/08\/mala-fatra2-773x1030.jpg\" data-srcset=\"https:\/\/mountainjoy.sk\/wp-content\/uploads\/2024\/08\/mala-fatra2-773x1030.jpg 773w, https:\/\/mountainjoy.sk\/wp-content\/uploads\/2024\/08\/mala-fatra2-225x300.jpg 225w, https:\/\/mountainjoy.sk\/wp-content\/uploads\/2024\/08\/mala-fatra2-768x1024.jpg 768w, https:\/\/mountainjoy.sk\/wp-content\/uploads\/2024\/08\/mala-fatra2-529x705.jpg 529w, https:\/\/mountainjoy.sk\/wp-content\/uploads\/2024\/08\/mala-fatra2-rotated.jpg 900w\" data-sizes=\"(max-width: 773px) 100vw, 773px\"  aria-label=\"image Mal\u00e1 Fatra V. Rozsutec\"  id='av-masonry-2-item-494' data-av-masonry-item='494' class='av-masonry-entry isotope-item post-494 attachment type-attachment status-inherit hentry  av-masonry-item-with-image av-grid-img' title=\"Mal\u00e1 Fatra V. Rozsutec\" alt=\"Mal\u00e1 Fatra V. Rozsutec\"    itemprop=\"thumbnailUrl\" ><div class='av-inner-masonry-sizer'><\/div><figure class='av-inner-masonry main_color'><div class=\"av-masonry-outerimage-container\"><div class='av-masonry-image-container' style=\"background-image: url(https:\/\/mountainjoy.sk\/wp-content\/uploads\/2024\/08\/mala-fatra2-529x705.jpg);\"  title=\"Mal\u00e1 Fatra V. Rozsutec\" ><\/div><\/div><\/figure><\/a><!--end av-masonry entry--><a href=\"https:\/\/mountainjoy.sk\/wp-content\/uploads\/2024\/08\/mala-fatra6-rotated.jpeg\" data-srcset=\"https:\/\/mountainjoy.sk\/wp-content\/uploads\/2024\/08\/mala-fatra6-rotated.jpeg 675w, https:\/\/mountainjoy.sk\/wp-content\/uploads\/2024\/08\/mala-fatra6-225x300.jpeg 225w, https:\/\/mountainjoy.sk\/wp-content\/uploads\/2024\/08\/mala-fatra6-529x705.jpeg 529w\" data-sizes=\"(max-width: 675px) 100vw, 675px\"  aria-label=\"image Mal\u00e1 Fatra v\u00fdh\u013eady\"  id='av-masonry-2-item-498' data-av-masonry-item='498' class='av-masonry-entry isotope-item post-498 attachment type-attachment status-inherit hentry  av-masonry-item-with-image av-grid-img' title=\"Mal\u00e1 Fatra v\u00fdh\u013eady\" alt=\"Mal\u00e1 Fatra v\u00fdh\u013eady\"    itemprop=\"thumbnailUrl\" ><div class='av-inner-masonry-sizer'><\/div><figure class='av-inner-masonry main_color'><div class=\"av-masonry-outerimage-container\"><div class='av-masonry-image-container' style=\"background-image: url(https:\/\/mountainjoy.sk\/wp-content\/uploads\/2024\/08\/mala-fatra6-529x705.jpeg);\"  title=\"Mal\u00e1 Fatra v\u00fdh\u013eady\" ><\/div><\/div><\/figure><\/a><!--end av-masonry entry--><a href=\"https:\/\/mountainjoy.sk\/wp-content\/uploads\/2024\/08\/mala-fatra7-1030x773.jpeg\" data-srcset=\"https:\/\/mountainjoy.sk\/wp-content\/uploads\/2024\/08\/mala-fatra7-1030x773.jpeg 1030w, https:\/\/mountainjoy.sk\/wp-content\/uploads\/2024\/08\/mala-fatra7-300x225.jpeg 300w, https:\/\/mountainjoy.sk\/wp-content\/uploads\/2024\/08\/mala-fatra7-768x576.jpeg 768w, https:\/\/mountainjoy.sk\/wp-content\/uploads\/2024\/08\/mala-fatra7-705x529.jpeg 705w, https:\/\/mountainjoy.sk\/wp-content\/uploads\/2024\/08\/mala-fatra7.jpeg 1200w\" data-sizes=\"(max-width: 1030px) 100vw, 1030px\"  aria-label=\"image Mal\u00e1 Fatra v\u00fdh\u013eady\"  id='av-masonry-2-item-500' data-av-masonry-item='500' class='av-masonry-entry isotope-item post-500 attachment type-attachment status-inherit hentry  av-masonry-item-with-image av-grid-img' title=\"Mal\u00e1 Fatra v\u00fdh\u013eady\" alt=\"Mal\u00e1 Fatra v\u00fdh\u013eady\"    itemprop=\"thumbnailUrl\" ><div class='av-inner-masonry-sizer'><\/div><figure class='av-inner-masonry main_color'><div class=\"av-masonry-outerimage-container\"><div class='av-masonry-image-container' style=\"background-image: url(https:\/\/mountainjoy.sk\/wp-content\/uploads\/2024\/08\/mala-fatra7-705x529.jpeg);\"  title=\"Mal\u00e1 Fatra v\u00fdh\u013eady\" ><\/div><\/div><\/figure><\/a><!--end av-masonry entry--><\/div><\/div>\n<\/div><\/div><\/div><!-- close content main div --><\/div><\/div><div id='av_section_3'  class='avia-section av-lztvnzc7-914a74e59b8431184d7cd093222829b4 main_color avia-section-no-padding avia-no-border-styling  avia-builder-el-10  el_after_av_section  avia-builder-el-last  avia-bg-style-scroll container_wrap fullsize'  ><div class='container av-section-cont-open' ><div class='template-page content  av-content-full alpha units'><div class='post-entry post-entry-type-page post-entry-359'><div class='entry-content-wrapper clearfix'>\n\n<style type=\"text\/css\" data-created_by=\"avia_inline_auto\" id=\"style-css-av-lzo3nefj-d42965411ec95fe93dd0674ff2c01cfc\">\n#top .av_textblock_section.av-lzo3nefj-d42965411ec95fe93dd0674ff2c01cfc .avia_textblock{\nfont-size:25px;\ntext-align:center;\n}\n<\/style>\n<section  class='av_textblock_section av-lzo3nefj-d42965411ec95fe93dd0674ff2c01cfc'   itemscope=\"itemscope\" itemtype=\"https:\/\/schema.org\/CreativeWork\" ><div class='avia_textblock'  itemprop=\"text\" ><p><strong>Select from our offer<\/strong><\/p>\n<\/div><\/section>\n<div class='avia-data-table-wrap av-2y8xt3-1d6775ac1592e4e0a44223fa2cfcd9c3 avia_scrollable_table avia-table-1'><table  class='avia-table avia-data-table avia_pricing_default  avia-builder-el-12  el_after_av_textblock  el_before_av_textblock'  itemscope=\"itemscope\" itemtype=\"https:\/\/schema.org\/Table\" ><caption>* red - difficult trail, blue - moderately difficult trail, green - easy trail<\/caption><tbody><tr class=''><td class='avia-center-col'>\n<p class=\"stredne-trasy\">Ve\u013ek\u00fd Kriv\u00e1\u0148<\/p>\n<\/td><td class='avia-center-col'>\n<p class=\"tazke-trasy\">Ve\u013ek\u00fd Rozsutec<\/p>\n<\/td><td class=''>\n<p class=\"stredne-trasy\">Baraniarky a Kraviarske<\/p>\n<\/td><\/tr><tr class=''><td class='avia-center-col'>\n<p class=\"stredne-trasy\">Mal\u00fd Kriv\u00e1\u0148<\/p>\n<\/td><td class='avia-center-col'>\n<p class=\"stredne-trasy\">Osnica<\/p>\n<\/td><td class=''>\n<p class=\"stredne-trasy\">J\u00e1no\u0161\u00edkov\u00e9 diery<\/p>\n<\/td><\/tr><tr class=''><td class='avia-center-col'>\n<p class=\"stredne-trasy\">Such\u00fd<\/p>\n<\/td><td class='avia-center-col'>\n<p class=\"stredne-trasy\">Chleb<\/p>\n<\/td><td class=''>\n<p class=\"tazke-trasy\">Hrebe\u0148ovka Malej Fatry<\/p>\n<\/td><\/tr><tr class=''><td class='avia-center-col'>\n<p class=\"stredne-trasy\">Stoh<\/p>\n<\/td><td class='avia-center-col'>\n<p class=\"lahke-trasy\">Chata pod Chlebom<\/p>\n<\/td><td class=''>\n<p class=\"lahke-trasy\">In\u00e9 &#8230;<\/p>\n<\/td><\/tr><\/tbody><\/table><\/div>\n\n<style type=\"text\/css\" data-created_by=\"avia_inline_auto\" id=\"style-css-av-lzphib62-eed8c18df874764cb826e9fae47a0834\">\n#top .av_textblock_section.av-lzphib62-eed8c18df874764cb826e9fae47a0834 .avia_textblock{\nfont-size:15px;\ntext-align:center;\n}\n<\/style>\n<section  class='av_textblock_section av-lzphib62-eed8c18df874764cb826e9fae47a0834'   itemscope=\"itemscope\" itemtype=\"https:\/\/schema.org\/CreativeWork\" ><div class='avia_textblock'  itemprop=\"text\" ><p>If the location you have chosen is not listed, don't worry. Contact us, and we will surely come up with something.<\/p>\n<\/div><\/section>\n\n<style type=\"text\/css\" data-created_by=\"avia_inline_auto\" id=\"style-css-av-lzo3uvqs-21e6f4f341a10397cbc12f6fa962bb38\">\n#top .hr.hr-invisible.av-lzo3uvqs-21e6f4f341a10397cbc12f6fa962bb38{\nheight:10px;\n}\n<\/style>\n<div  class='hr av-lzo3uvqs-21e6f4f341a10397cbc12f6fa962bb38 hr-invisible  avia-builder-el-14  el_after_av_textblock  avia-builder-el-last'><span class='hr-inner'><span class=\"hr-inner-style\"><\/span><\/span><\/div>\n<\/p>","protected":false},"excerpt":{"rendered":"","protected":false},"author":1,"featured_media":0,"parent":0,"menu_order":0,"comment_status":"closed","ping_status":"closed","template":"","meta":{"footnotes":""},"class_list":["post-359","page","type-page","status-publish","hentry"],"_links":{"self":[{"href":"https:\/\/mountainjoy.sk\/en\/wp-json\/wp\/v2\/pages\/359","targetHints":{"allow":["GET"]}}],"collection":[{"href":"https:\/\/mountainjoy.sk\/en\/wp-json\/wp\/v2\/pages"}],"about":[{"href":"https:\/\/mountainjoy.sk\/en\/wp-json\/wp\/v2\/types\/page"}],"author":[{"embeddable":true,"href":"https:\/\/mountainjoy.sk\/en\/wp-json\/wp\/v2\/users\/1"}],"replies":[{"embeddable":true,"href":"https:\/\/mountainjoy.sk\/en\/wp-json\/wp\/v2\/comments?post=359"}],"version-history":[{"count":0,"href":"https:\/\/mountainjoy.sk\/en\/wp-json\/wp\/v2\/pages\/359\/revisions"}],"wp:attachment":[{"href":"https:\/\/mountainjoy.sk\/en\/wp-json\/wp\/v2\/media?parent=359"}],"curies":[{"name":"wp","href":"https:\/\/api.w.org\/{rel}","templated":true}]}}