{"id":363,"date":"2024-08-11T13:28:12","date_gmt":"2024-08-11T11:28:12","guid":{"rendered":"https:\/\/www.mountainjoy.sk\/?page_id=363"},"modified":"2024-08-14T16:38:56","modified_gmt":"2024-08-14T14:38:56","slug":"via-ferrata","status":"publish","type":"page","link":"https:\/\/mountainjoy.sk\/en\/via-ferrata\/","title":{"rendered":"Via Ferrata"},"content":{"rendered":"<style type=\"text\/css\" data-created_by=\"avia_inline_auto\" id=\"style-css-av-lxqbi3va-f1bbbdfdf225c2cd2d6e6df01fcf076e\">\n.avia-section.av-lxqbi3va-f1bbbdfdf225c2cd2d6e6df01fcf076e{\nbackground-color:#ffffff;\nbackground-image:unset;\n}\n<\/style>\n<div id='av_section_1'  class='avia-section av-lxqbi3va-f1bbbdfdf225c2cd2d6e6df01fcf076e main_color avia-section-default avia-no-border-styling  avia-builder-el-0  el_before_av_section  avia-builder-el-first  av-medium-hide av-small-hide av-mini-hide avia-bg-style-scroll container_wrap fullsize'  ><div class='container av-section-cont-open' ><main  role=\"main\" itemprop=\"mainContentOfPage\"  class='template-page content  av-content-full alpha units'><div class='post-entry post-entry-type-page post-entry-363'><div class='entry-content-wrapper clearfix'>\n\n<style type=\"text\/css\" data-created_by=\"avia_inline_auto\" id=\"style-css-av-fe276-d59d305480d80de83c843772e1677e02\">\n#top .av_textblock_section.av-fe276-d59d305480d80de83c843772e1677e02 .avia_textblock{\nfont-size:40px;\ntext-align:center;\n}\n<\/style>\n<section  class='av_textblock_section av-fe276-d59d305480d80de83c843772e1677e02'   itemscope=\"itemscope\" itemtype=\"https:\/\/schema.org\/CreativeWork\" ><div class='avia_textblock'  itemprop=\"text\" ><h1>VIA FERRATA<\/h1>\n<\/div><\/section>\n<div class='flex_column_table av-lzo3rdn4-b8004fc47c6c22e5cefa37df1411190c sc-av_one_half av-equal-height-column-flextable'><div  class='flex_column av-lzo3rdn4-b8004fc47c6c22e5cefa37df1411190c av_one_half  avia-builder-el-2  el_after_av_textblock  el_before_av_one_half  first flex_column_table_cell av-equal-height-column av-align-middle  column-top-margin'     ><style type=\"text\/css\" data-created_by=\"avia_inline_auto\" id=\"style-css-av-lzo2xcgj-776b3e74ce926b80ef55b53cdcf626f5\">\n#top .av_textblock_section.av-lzo2xcgj-776b3e74ce926b80ef55b53cdcf626f5 .avia_textblock{\nfont-size:18px;\ntext-align:center;\n}\n<\/style>\n<section  class='av_textblock_section av-lzo2xcgj-776b3e74ce926b80ef55b53cdcf626f5'   itemscope=\"itemscope\" itemtype=\"https:\/\/schema.org\/CreativeWork\" ><div class='avia_textblock'  itemprop=\"text\" ><p>Slovak via ferrata offer a unique way to experience beautiful nature while facing the challenges of mountainous terrain. These protected routes, equipped with steel cables, ladders, and bridges, allow for safe movement even in more demanding rocky areas.<\/p>\n<p>We warmly welcome both beginners and experienced enthusiasts. For those who are new to via ferrata, we provide all the necessary information and equipment to ensure you can safely and confidently enjoy this unique experience. Our experienced guides will introduce you to the basic techniques and show you how to properly use the gear, so you can feel comfortable and secure.<\/p>\n<\/div><\/section><\/div><div class='av-flex-placeholder'><\/div><div  class='flex_column av-7j28is-537572c04655189e7703156e06e62371 av_one_half  avia-builder-el-4  el_after_av_one_half  avia-builder-el-last  flex_column_table_cell av-equal-height-column av-align-middle  column-top-margin'     ><div id='av-masonry-1' class='av-masonry av-lzo3pb7t-5f54b9ca8bdf4a6083ee68a74ab0686e noHover av-fixed-size av-large-gap av-hover-overlay-active av-masonry-animation-active av-masonry-col-3 av-caption-always av-caption-style- av-masonry-gallery av-desktop-columns-overwrite av-desktop-columns-3' data-post_id=\"363\"><div class=\"av-masonry-container isotope av-js-disabled\"><div class='av-masonry-entry isotope-item av-masonry-item-no-image'><\/div><a href=\"https:\/\/mountainjoy.sk\/wp-content\/uploads\/2024\/08\/ferrata-3-rotated.jpeg\" data-srcset=\"https:\/\/mountainjoy.sk\/wp-content\/uploads\/2024\/08\/ferrata-3-rotated.jpeg 675w, https:\/\/mountainjoy.sk\/wp-content\/uploads\/2024\/08\/ferrata-3-225x300.jpeg 225w, https:\/\/mountainjoy.sk\/wp-content\/uploads\/2024\/08\/ferrata-3-529x705.jpeg 529w\" data-sizes=\"(max-width: 675px) 100vw, 675px\"  aria-label=\"image Ferrata Dve ve\u017ee\"  id='av-masonry-1-item-504' data-av-masonry-item='504' class='av-masonry-entry isotope-item post-504 attachment type-attachment status-inherit hentry  av-masonry-item-with-image av-grid-img' title=\"Ferrata Dve ve\u017ee\" alt=\"Ferrata Dve ve\u017ee\"    itemprop=\"thumbnailUrl\" ><div class='av-inner-masonry-sizer'><\/div><figure class='av-inner-masonry main_color'><div class=\"av-masonry-outerimage-container\"><div class='av-masonry-image-container' style=\"background-image: url(https:\/\/mountainjoy.sk\/wp-content\/uploads\/2024\/08\/ferrata-3-529x705.jpeg);\"  title=\"Ferrata Dve ve\u017ee\" ><\/div><\/div><\/figure><\/a><!--end av-masonry entry--><a href=\"https:\/\/mountainjoy.sk\/wp-content\/uploads\/2024\/08\/ferrata-6.jpg\" data-srcset=\"https:\/\/mountainjoy.sk\/wp-content\/uploads\/2024\/08\/ferrata-6.jpg 900w, https:\/\/mountainjoy.sk\/wp-content\/uploads\/2024\/08\/ferrata-6-300x225.jpg 300w, https:\/\/mountainjoy.sk\/wp-content\/uploads\/2024\/08\/ferrata-6-768x576.jpg 768w, https:\/\/mountainjoy.sk\/wp-content\/uploads\/2024\/08\/ferrata-6-705x529.jpg 705w\" data-sizes=\"(max-width: 900px) 100vw, 900px\"  aria-label=\"image Ferrata Skalka\"  id='av-masonry-1-item-507' data-av-masonry-item='507' class='av-masonry-entry isotope-item post-507 attachment type-attachment status-inherit hentry  av-masonry-item-with-image av-grid-img' title=\"Ferrata Skalka\" alt=\"Ferrata Skalka\"    itemprop=\"thumbnailUrl\" ><div class='av-inner-masonry-sizer'><\/div><figure class='av-inner-masonry main_color'><div class=\"av-masonry-outerimage-container\"><div class='av-masonry-image-container' style=\"background-image: url(https:\/\/mountainjoy.sk\/wp-content\/uploads\/2024\/08\/ferrata-6-705x529.jpg);\"  title=\"Ferrata Skalka\" ><\/div><\/div><\/figure><\/a><!--end av-masonry entry--><a href=\"https:\/\/mountainjoy.sk\/wp-content\/uploads\/2024\/08\/ferrata-1-687x1030.jpeg\" data-srcset=\"https:\/\/mountainjoy.sk\/wp-content\/uploads\/2024\/08\/ferrata-1-687x1030.jpeg 687w, https:\/\/mountainjoy.sk\/wp-content\/uploads\/2024\/08\/ferrata-1-200x300.jpeg 200w, https:\/\/mountainjoy.sk\/wp-content\/uploads\/2024\/08\/ferrata-1-768x1152.jpeg 768w, https:\/\/mountainjoy.sk\/wp-content\/uploads\/2024\/08\/ferrata-1-470x705.jpeg 470w, https:\/\/mountainjoy.sk\/wp-content\/uploads\/2024\/08\/ferrata-1.jpeg 900w\" data-sizes=\"(max-width: 687px) 100vw, 687px\"  aria-label=\"image Ferrata Kyse\u013e\"  id='av-masonry-1-item-502' data-av-masonry-item='502' class='av-masonry-entry isotope-item post-502 attachment type-attachment status-inherit hentry  av-masonry-item-with-image av-grid-img' title=\"Ferrata Kyse\u013e\" alt=\"Ferrata Kyse\u013e\"    itemprop=\"thumbnailUrl\" ><div class='av-inner-masonry-sizer'><\/div><figure class='av-inner-masonry main_color'><div class=\"av-masonry-outerimage-container\"><div class='av-masonry-image-container' style=\"background-image: url(https:\/\/mountainjoy.sk\/wp-content\/uploads\/2024\/08\/ferrata-1-470x705.jpeg);\"  title=\"Ferrata Kyse\u013e\" ><\/div><\/div><\/figure><\/a><!--end av-masonry entry--><a href=\"https:\/\/mountainjoy.sk\/wp-content\/uploads\/2024\/08\/ferrata-2-rotated.jpeg\" data-srcset=\"https:\/\/mountainjoy.sk\/wp-content\/uploads\/2024\/08\/ferrata-2-rotated.jpeg 675w, https:\/\/mountainjoy.sk\/wp-content\/uploads\/2024\/08\/ferrata-2-225x300.jpeg 225w, https:\/\/mountainjoy.sk\/wp-content\/uploads\/2024\/08\/ferrata-2-529x705.jpeg 529w\" data-sizes=\"(max-width: 675px) 100vw, 675px\"  aria-label=\"image Ferrata Dve ve\u017ee\"  id='av-masonry-1-item-503' data-av-masonry-item='503' class='av-masonry-entry isotope-item post-503 attachment type-attachment status-inherit hentry  av-masonry-item-with-image av-grid-img' title=\"Ferrata Dve ve\u017ee\" alt=\"Ferrata Dve ve\u017ee\"    itemprop=\"thumbnailUrl\" ><div class='av-inner-masonry-sizer'><\/div><figure class='av-inner-masonry main_color'><div class=\"av-masonry-outerimage-container\"><div class='av-masonry-image-container' style=\"background-image: url(https:\/\/mountainjoy.sk\/wp-content\/uploads\/2024\/08\/ferrata-2-529x705.jpeg);\"  title=\"Ferrata Dve ve\u017ee\" ><\/div><\/div><\/figure><\/a><!--end av-masonry entry--><a href=\"https:\/\/mountainjoy.sk\/wp-content\/uploads\/2024\/08\/ferrata-5.jpg\" data-srcset=\"https:\/\/mountainjoy.sk\/wp-content\/uploads\/2024\/08\/ferrata-5.jpg 793w, https:\/\/mountainjoy.sk\/wp-content\/uploads\/2024\/08\/ferrata-5-300x182.jpg 300w, https:\/\/mountainjoy.sk\/wp-content\/uploads\/2024\/08\/ferrata-5-768x465.jpg 768w, https:\/\/mountainjoy.sk\/wp-content\/uploads\/2024\/08\/ferrata-5-705x427.jpg 705w\" data-sizes=\"(max-width: 793px) 100vw, 793px\"  aria-label=\"image Ferrata Skalka\"  id='av-masonry-1-item-509' data-av-masonry-item='509' class='av-masonry-entry isotope-item post-509 attachment type-attachment status-inherit hentry  av-masonry-item-with-image av-grid-img' title=\"Ferrata Skalka\" alt=\"Ferrata Skalka\"    itemprop=\"thumbnailUrl\" ><div class='av-inner-masonry-sizer'><\/div><figure class='av-inner-masonry main_color'><div class=\"av-masonry-outerimage-container\"><div class='av-masonry-image-container' style=\"background-image: url(https:\/\/mountainjoy.sk\/wp-content\/uploads\/2024\/08\/ferrata-5-705x427.jpg);\"  title=\"Ferrata Skalka\" ><\/div><\/div><\/figure><\/a><!--end av-masonry entry--><a href=\"https:\/\/mountainjoy.sk\/wp-content\/uploads\/2024\/08\/ferrata-4-rotated.jpeg\" data-srcset=\"https:\/\/mountainjoy.sk\/wp-content\/uploads\/2024\/08\/ferrata-4-rotated.jpeg 675w, https:\/\/mountainjoy.sk\/wp-content\/uploads\/2024\/08\/ferrata-4-225x300.jpeg 225w, https:\/\/mountainjoy.sk\/wp-content\/uploads\/2024\/08\/ferrata-4-529x705.jpeg 529w\" data-sizes=\"(max-width: 675px) 100vw, 675px\"  aria-label=\"image Ferrata HZS Martinsk\u00e9 Hole\"  id='av-masonry-1-item-505' data-av-masonry-item='505' class='av-masonry-entry isotope-item post-505 attachment type-attachment status-inherit hentry  av-masonry-item-with-image av-grid-img' title=\"Ferrata HZS Martinsk\u00e9 Hole\" alt=\"Ferrata HZS Martinsk\u00e9 Hole\"    itemprop=\"thumbnailUrl\" ><div class='av-inner-masonry-sizer'><\/div><figure class='av-inner-masonry main_color'><div class=\"av-masonry-outerimage-container\"><div class='av-masonry-image-container' style=\"background-image: url(https:\/\/mountainjoy.sk\/wp-content\/uploads\/2024\/08\/ferrata-4-529x705.jpeg);\"  title=\"Ferrata HZS Martinsk\u00e9 Hole\" ><\/div><\/div><\/figure><\/a><!--end av-masonry entry--><\/div><\/div><\/div><\/div><!--close column table wrapper. Autoclose: 1 --><\/div><\/div><\/main><!-- close content main element --><\/div><\/div>\n<style type=\"text\/css\" data-created_by=\"avia_inline_auto\" id=\"style-css-av-lztvsncc-22b0c9649a4bc7a11c3028405ed0f0b3\">\n.avia-section.av-lztvsncc-22b0c9649a4bc7a11c3028405ed0f0b3{\nbackground-color:#ffffff;\nbackground-image:unset;\n}\n<\/style>\n<div id='av_section_2'  class='avia-section av-lztvsncc-22b0c9649a4bc7a11c3028405ed0f0b3 main_color avia-section-default avia-no-border-styling  avia-builder-el-6  el_after_av_section  el_before_av_section  av-desktop-hide avia-bg-style-scroll container_wrap fullsize'  ><div class='container av-section-cont-open' ><div class='template-page content  av-content-full alpha units'><div class='post-entry post-entry-type-page post-entry-363'><div class='entry-content-wrapper clearfix'>\n\n<style type=\"text\/css\" data-created_by=\"avia_inline_auto\" id=\"style-css-av-fxptv-9b8e66469e3279777cb2224308ffe5c8\">\n#top .av_textblock_section.av-fxptv-9b8e66469e3279777cb2224308ffe5c8 .avia_textblock{\nfont-size:40px;\ntext-align:center;\n}\n<\/style>\n<section  class='av_textblock_section av-fxptv-9b8e66469e3279777cb2224308ffe5c8'   itemscope=\"itemscope\" itemtype=\"https:\/\/schema.org\/CreativeWork\" ><div class='avia_textblock'  itemprop=\"text\" ><h1>VIA FERRATA<\/h1>\n<\/div><\/section>\n\n<style type=\"text\/css\" data-created_by=\"avia_inline_auto\" id=\"style-css-av-7lgez-508acafdf350f8c07f19d6ba6a46adf5\">\n#top .av_textblock_section.av-7lgez-508acafdf350f8c07f19d6ba6a46adf5 .avia_textblock{\nfont-size:18px;\ntext-align:center;\n}\n<\/style>\n<section  class='av_textblock_section av-7lgez-508acafdf350f8c07f19d6ba6a46adf5'   itemscope=\"itemscope\" itemtype=\"https:\/\/schema.org\/CreativeWork\" ><div class='avia_textblock'  itemprop=\"text\" ><p>Slovak via ferrata offer a unique way to experience beautiful nature while facing the challenges of mountainous terrain. These protected routes, equipped with steel cables, ladders, and bridges, allow for safe movement even in more demanding rocky areas.<\/p>\n<p>We warmly welcome both beginners and experienced enthusiasts. For those who are new to via ferrata, we provide all the necessary information and equipment to ensure you can safely and confidently enjoy this unique experience. Our experienced guides will introduce you to the basic techniques and show you how to properly use the gear, so you can feel comfortable and secure.<\/p>\n<\/div><\/section>\n<div id='av-masonry-2' class='av-masonry av-lztvtbn8-eed900041f3681a7e96a80b8b4c79fea noHover av-fixed-size av-large-gap av-hover-overlay-active av-masonry-animation-active av-masonry-col-flexible av-caption-always av-caption-style- av-masonry-gallery av-desktop-columns-overwrite av-desktop-columns-3 av-medium-columns-overwrite av-medium-columns-3 av-small-columns-overwrite av-small-columns-2 av-mini-columns-overwrite av-mini-columns-2' data-post_id=\"363\"><div class=\"av-masonry-container isotope av-js-disabled\"><div class='av-masonry-entry isotope-item av-masonry-item-no-image'><\/div><a href=\"https:\/\/mountainjoy.sk\/wp-content\/uploads\/2024\/08\/ferrata-3-rotated.jpeg\" data-srcset=\"https:\/\/mountainjoy.sk\/wp-content\/uploads\/2024\/08\/ferrata-3-rotated.jpeg 675w, https:\/\/mountainjoy.sk\/wp-content\/uploads\/2024\/08\/ferrata-3-225x300.jpeg 225w, https:\/\/mountainjoy.sk\/wp-content\/uploads\/2024\/08\/ferrata-3-529x705.jpeg 529w\" data-sizes=\"(max-width: 675px) 100vw, 675px\"  aria-label=\"image Ferrata Dve ve\u017ee\"  id='av-masonry-2-item-504' data-av-masonry-item='504' class='av-masonry-entry isotope-item post-504 attachment type-attachment status-inherit hentry  av-masonry-item-with-image av-grid-img' title=\"Ferrata Dve ve\u017ee\" alt=\"Ferrata Dve ve\u017ee\"    itemprop=\"thumbnailUrl\" ><div class='av-inner-masonry-sizer'><\/div><figure class='av-inner-masonry main_color'><div class=\"av-masonry-outerimage-container\"><div class='av-masonry-image-container' style=\"background-image: url(https:\/\/mountainjoy.sk\/wp-content\/uploads\/2024\/08\/ferrata-3-529x705.jpeg);\"  title=\"Ferrata Dve ve\u017ee\" ><\/div><\/div><\/figure><\/a><!--end av-masonry entry--><a href=\"https:\/\/mountainjoy.sk\/wp-content\/uploads\/2024\/08\/ferrata-6.jpg\" data-srcset=\"https:\/\/mountainjoy.sk\/wp-content\/uploads\/2024\/08\/ferrata-6.jpg 900w, https:\/\/mountainjoy.sk\/wp-content\/uploads\/2024\/08\/ferrata-6-300x225.jpg 300w, https:\/\/mountainjoy.sk\/wp-content\/uploads\/2024\/08\/ferrata-6-768x576.jpg 768w, https:\/\/mountainjoy.sk\/wp-content\/uploads\/2024\/08\/ferrata-6-705x529.jpg 705w\" data-sizes=\"(max-width: 900px) 100vw, 900px\"  aria-label=\"image Ferrata Skalka\"  id='av-masonry-2-item-507' data-av-masonry-item='507' class='av-masonry-entry isotope-item post-507 attachment type-attachment status-inherit hentry  av-masonry-item-with-image av-grid-img' title=\"Ferrata Skalka\" alt=\"Ferrata Skalka\"    itemprop=\"thumbnailUrl\" ><div class='av-inner-masonry-sizer'><\/div><figure class='av-inner-masonry main_color'><div class=\"av-masonry-outerimage-container\"><div class='av-masonry-image-container' style=\"background-image: url(https:\/\/mountainjoy.sk\/wp-content\/uploads\/2024\/08\/ferrata-6-705x529.jpg);\"  title=\"Ferrata Skalka\" ><\/div><\/div><\/figure><\/a><!--end av-masonry entry--><a href=\"https:\/\/mountainjoy.sk\/wp-content\/uploads\/2024\/08\/ferrata-1-687x1030.jpeg\" data-srcset=\"https:\/\/mountainjoy.sk\/wp-content\/uploads\/2024\/08\/ferrata-1-687x1030.jpeg 687w, https:\/\/mountainjoy.sk\/wp-content\/uploads\/2024\/08\/ferrata-1-200x300.jpeg 200w, https:\/\/mountainjoy.sk\/wp-content\/uploads\/2024\/08\/ferrata-1-768x1152.jpeg 768w, https:\/\/mountainjoy.sk\/wp-content\/uploads\/2024\/08\/ferrata-1-470x705.jpeg 470w, https:\/\/mountainjoy.sk\/wp-content\/uploads\/2024\/08\/ferrata-1.jpeg 900w\" data-sizes=\"(max-width: 687px) 100vw, 687px\"  aria-label=\"image Ferrata Kyse\u013e\"  id='av-masonry-2-item-502' data-av-masonry-item='502' class='av-masonry-entry isotope-item post-502 attachment type-attachment status-inherit hentry  av-masonry-item-with-image av-grid-img' title=\"Ferrata Kyse\u013e\" alt=\"Ferrata Kyse\u013e\"    itemprop=\"thumbnailUrl\" ><div class='av-inner-masonry-sizer'><\/div><figure class='av-inner-masonry main_color'><div class=\"av-masonry-outerimage-container\"><div class='av-masonry-image-container' style=\"background-image: url(https:\/\/mountainjoy.sk\/wp-content\/uploads\/2024\/08\/ferrata-1-470x705.jpeg);\"  title=\"Ferrata Kyse\u013e\" ><\/div><\/div><\/figure><\/a><!--end av-masonry entry--><a href=\"https:\/\/mountainjoy.sk\/wp-content\/uploads\/2024\/08\/ferrata-2-rotated.jpeg\" data-srcset=\"https:\/\/mountainjoy.sk\/wp-content\/uploads\/2024\/08\/ferrata-2-rotated.jpeg 675w, https:\/\/mountainjoy.sk\/wp-content\/uploads\/2024\/08\/ferrata-2-225x300.jpeg 225w, https:\/\/mountainjoy.sk\/wp-content\/uploads\/2024\/08\/ferrata-2-529x705.jpeg 529w\" data-sizes=\"(max-width: 675px) 100vw, 675px\"  aria-label=\"image Ferrata Dve ve\u017ee\"  id='av-masonry-2-item-503' data-av-masonry-item='503' class='av-masonry-entry isotope-item post-503 attachment type-attachment status-inherit hentry  av-masonry-item-with-image av-grid-img' title=\"Ferrata Dve ve\u017ee\" alt=\"Ferrata Dve ve\u017ee\"    itemprop=\"thumbnailUrl\" ><div class='av-inner-masonry-sizer'><\/div><figure class='av-inner-masonry main_color'><div class=\"av-masonry-outerimage-container\"><div class='av-masonry-image-container' style=\"background-image: url(https:\/\/mountainjoy.sk\/wp-content\/uploads\/2024\/08\/ferrata-2-529x705.jpeg);\"  title=\"Ferrata Dve ve\u017ee\" ><\/div><\/div><\/figure><\/a><!--end av-masonry entry--><a href=\"https:\/\/mountainjoy.sk\/wp-content\/uploads\/2024\/08\/ferrata-5.jpg\" data-srcset=\"https:\/\/mountainjoy.sk\/wp-content\/uploads\/2024\/08\/ferrata-5.jpg 793w, https:\/\/mountainjoy.sk\/wp-content\/uploads\/2024\/08\/ferrata-5-300x182.jpg 300w, https:\/\/mountainjoy.sk\/wp-content\/uploads\/2024\/08\/ferrata-5-768x465.jpg 768w, https:\/\/mountainjoy.sk\/wp-content\/uploads\/2024\/08\/ferrata-5-705x427.jpg 705w\" data-sizes=\"(max-width: 793px) 100vw, 793px\"  aria-label=\"image Ferrata Skalka\"  id='av-masonry-2-item-509' data-av-masonry-item='509' class='av-masonry-entry isotope-item post-509 attachment type-attachment status-inherit hentry  av-masonry-item-with-image av-grid-img' title=\"Ferrata Skalka\" alt=\"Ferrata Skalka\"    itemprop=\"thumbnailUrl\" ><div class='av-inner-masonry-sizer'><\/div><figure class='av-inner-masonry main_color'><div class=\"av-masonry-outerimage-container\"><div class='av-masonry-image-container' style=\"background-image: url(https:\/\/mountainjoy.sk\/wp-content\/uploads\/2024\/08\/ferrata-5-705x427.jpg);\"  title=\"Ferrata Skalka\" ><\/div><\/div><\/figure><\/a><!--end av-masonry entry--><a href=\"https:\/\/mountainjoy.sk\/wp-content\/uploads\/2024\/08\/ferrata-4-rotated.jpeg\" data-srcset=\"https:\/\/mountainjoy.sk\/wp-content\/uploads\/2024\/08\/ferrata-4-rotated.jpeg 675w, https:\/\/mountainjoy.sk\/wp-content\/uploads\/2024\/08\/ferrata-4-225x300.jpeg 225w, https:\/\/mountainjoy.sk\/wp-content\/uploads\/2024\/08\/ferrata-4-529x705.jpeg 529w\" data-sizes=\"(max-width: 675px) 100vw, 675px\"  aria-label=\"image Ferrata HZS Martinsk\u00e9 Hole\"  id='av-masonry-2-item-505' data-av-masonry-item='505' class='av-masonry-entry isotope-item post-505 attachment type-attachment status-inherit hentry  av-masonry-item-with-image av-grid-img' title=\"Ferrata HZS Martinsk\u00e9 Hole\" alt=\"Ferrata HZS Martinsk\u00e9 Hole\"    itemprop=\"thumbnailUrl\" ><div class='av-inner-masonry-sizer'><\/div><figure class='av-inner-masonry main_color'><div class=\"av-masonry-outerimage-container\"><div class='av-masonry-image-container' style=\"background-image: url(https:\/\/mountainjoy.sk\/wp-content\/uploads\/2024\/08\/ferrata-4-529x705.jpeg);\"  title=\"Ferrata HZS Martinsk\u00e9 Hole\" ><\/div><\/div><\/figure><\/a><!--end av-masonry entry--><\/div><\/div>\n<\/div><\/div><\/div><!-- close content main div --><\/div><\/div><div id='av_section_3'  class='avia-section av-lztvrwo7-82f4b8e591049e0eaa418620ceb68f41 main_color avia-section-no-padding avia-no-border-styling  avia-builder-el-10  el_after_av_section  avia-builder-el-last  avia-bg-style-scroll container_wrap fullsize'  ><div class='container av-section-cont-open' ><div class='template-page content  av-content-full alpha units'><div class='post-entry post-entry-type-page post-entry-363'><div class='entry-content-wrapper clearfix'>\n\n<style type=\"text\/css\" data-created_by=\"avia_inline_auto\" id=\"style-css-av-lzo3nefj-d42965411ec95fe93dd0674ff2c01cfc\">\n#top .av_textblock_section.av-lzo3nefj-d42965411ec95fe93dd0674ff2c01cfc .avia_textblock{\nfont-size:25px;\ntext-align:center;\n}\n<\/style>\n<section  class='av_textblock_section av-lzo3nefj-d42965411ec95fe93dd0674ff2c01cfc'   itemscope=\"itemscope\" itemtype=\"https:\/\/schema.org\/CreativeWork\" ><div class='avia_textblock'  itemprop=\"text\" ><p><strong>Select from our offer<\/strong><\/p>\n<\/div><\/section>\n<div class='avia-data-table-wrap av-1xzwbv-543725fbee6aacd40ad42a9a1a3be238 avia_scrollable_table avia-table-1'><table  class='avia-table avia-data-table avia_pricing_default  avia-builder-el-12  el_after_av_textblock  el_before_av_textblock'  itemscope=\"itemscope\" itemtype=\"https:\/\/schema.org\/Table\" ><tbody><tr class='avia-heading-row'><th class='avia-center-col'>Skalka<\/th><th class='avia-center-col'>Dve ve\u017ee<\/th><th class='avia-center-col'>HZS Martinsk\u00e9 hole<\/th><th class='avia-center-col'>Kyse\u013e<\/th><\/tr><tr class=''><td class='avia-center-col'>Grade A\/B until F<\/td><td class='avia-center-col'>Grade A until C\/D<\/td><td class='avia-center-col'>Grade B or C<\/td><td class='avia-center-col'>Grade C<\/td><\/tr><\/tbody><\/table><\/div>\n\n<style type=\"text\/css\" data-created_by=\"avia_inline_auto\" id=\"style-css-av-lzphg25i-fb08c3ef87ddf589fc4c1bca6fd4f88b\">\n#top .av_textblock_section.av-lzphg25i-fb08c3ef87ddf589fc4c1bca6fd4f88b .avia_textblock{\nfont-size:15px;\ntext-align:center;\n}\n<\/style>\n<section  class='av_textblock_section av-lzphg25i-fb08c3ef87ddf589fc4c1bca6fd4f88b'   itemscope=\"itemscope\" itemtype=\"https:\/\/schema.org\/CreativeWork\" ><div class='avia_textblock'  itemprop=\"text\" ><p>V pr\u00edpade ak m\u00e1te z\u00e1ujem o via ferratu v zahrani\u010d\u00ed, kontaktujte n\u00e1s.<\/p>\n<\/div><\/section>\n\n<style type=\"text\/css\" data-created_by=\"avia_inline_auto\" id=\"style-css-av-lzo3uvqs-21e6f4f341a10397cbc12f6fa962bb38\">\n#top .hr.hr-invisible.av-lzo3uvqs-21e6f4f341a10397cbc12f6fa962bb38{\nheight:10px;\n}\n<\/style>\n<div  class='hr av-lzo3uvqs-21e6f4f341a10397cbc12f6fa962bb38 hr-invisible  avia-builder-el-14  el_after_av_textblock  avia-builder-el-last'><span class='hr-inner'><span class=\"hr-inner-style\"><\/span><\/span><\/div>\n<\/p>","protected":false},"excerpt":{"rendered":"","protected":false},"author":1,"featured_media":0,"parent":0,"menu_order":0,"comment_status":"closed","ping_status":"closed","template":"","meta":{"footnotes":""},"class_list":["post-363","page","type-page","status-publish","hentry"],"_links":{"self":[{"href":"https:\/\/mountainjoy.sk\/en\/wp-json\/wp\/v2\/pages\/363","targetHints":{"allow":["GET"]}}],"collection":[{"href":"https:\/\/mountainjoy.sk\/en\/wp-json\/wp\/v2\/pages"}],"about":[{"href":"https:\/\/mountainjoy.sk\/en\/wp-json\/wp\/v2\/types\/page"}],"author":[{"embeddable":true,"href":"https:\/\/mountainjoy.sk\/en\/wp-json\/wp\/v2\/users\/1"}],"replies":[{"embeddable":true,"href":"https:\/\/mountainjoy.sk\/en\/wp-json\/wp\/v2\/comments?post=363"}],"version-history":[{"count":0,"href":"https:\/\/mountainjoy.sk\/en\/wp-json\/wp\/v2\/pages\/363\/revisions"}],"wp:attachment":[{"href":"https:\/\/mountainjoy.sk\/en\/wp-json\/wp\/v2\/media?parent=363"}],"curies":[{"name":"wp","href":"https:\/\/api.w.org\/{rel}","templated":true}]}}