{"id":377,"date":"2024-08-11T14:02:55","date_gmt":"2024-08-11T12:02:55","guid":{"rendered":"https:\/\/www.mountainjoy.sk\/?page_id=377"},"modified":"2024-08-14T16:36:57","modified_gmt":"2024-08-14T14:36:57","slug":"zima-zahranicie","status":"publish","type":"page","link":"https:\/\/mountainjoy.sk\/en\/zima-zahranicie\/","title":{"rendered":"Zima a zahrani\u010die"},"content":{"rendered":"<style type=\"text\/css\" data-created_by=\"avia_inline_auto\" id=\"style-css-av-lxqbi3va-f1bbbdfdf225c2cd2d6e6df01fcf076e\">\n.avia-section.av-lxqbi3va-f1bbbdfdf225c2cd2d6e6df01fcf076e{\nbackground-color:#ffffff;\nbackground-image:unset;\n}\n<\/style>\n<div id='av_section_1'  class='avia-section av-lxqbi3va-f1bbbdfdf225c2cd2d6e6df01fcf076e main_color avia-section-default avia-no-border-styling  avia-builder-el-0  el_before_av_section  avia-builder-el-first  av-medium-hide av-small-hide av-mini-hide avia-bg-style-scroll container_wrap fullsize'  ><div class='container av-section-cont-open' ><main  role=\"main\" itemprop=\"mainContentOfPage\"  class='template-page content  av-content-full alpha units'><div class='post-entry post-entry-type-page post-entry-377'><div class='entry-content-wrapper clearfix'>\n<div class='flex_column_table av-lzo3rdn4-b8004fc47c6c22e5cefa37df1411190c sc-av_one_half av-equal-height-column-flextable'><div  class='flex_column av-lzo3rdn4-b8004fc47c6c22e5cefa37df1411190c av_one_half  avia-builder-el-1  el_before_av_one_half  avia-builder-el-first  first flex_column_table_cell av-equal-height-column av-align-middle'     ><style type=\"text\/css\" data-created_by=\"avia_inline_auto\" id=\"style-css-av-fe276-d59d305480d80de83c843772e1677e02\">\n#top .av_textblock_section.av-fe276-d59d305480d80de83c843772e1677e02 .avia_textblock{\nfont-size:40px;\ntext-align:center;\n}\n<\/style>\n<section  class='av_textblock_section av-fe276-d59d305480d80de83c843772e1677e02'   itemscope=\"itemscope\" itemtype=\"https:\/\/schema.org\/CreativeWork\" ><div class='avia_textblock'  itemprop=\"text\" ><h1>WINTER ACTIVITIES<\/h1>\n<\/div><\/section><br \/>\n\n<style type=\"text\/css\" data-created_by=\"avia_inline_auto\" id=\"style-css-av-lzo2xcgj-776b3e74ce926b80ef55b53cdcf626f5\">\n#top .av_textblock_section.av-lzo2xcgj-776b3e74ce926b80ef55b53cdcf626f5 .avia_textblock{\nfont-size:18px;\ntext-align:center;\n}\n<\/style>\n<section  class='av_textblock_section av-lzo2xcgj-776b3e74ce926b80ef55b53cdcf626f5'   itemscope=\"itemscope\" itemtype=\"https:\/\/schema.org\/CreativeWork\" ><div class='avia_textblock'  itemprop=\"text\" ><p>Our mountain leading services are not limited to the summer season. If you enjoy hiking but the snow has fallen, that's no problem at all. We'll take skis or snowshoes and head into the mountains. Feel free to choose any hike along open, marked winter trails.<br \/>\nChcete sa len nau\u010di\u0165 pou\u017e\u00edva\u0165 sne\u017enice, ma\u010dky, cep\u00edn, alebo in\u00fa \u010das\u0165 zimnej v\u00fdbavy? Nieje tie\u017e \u017eiadny probl\u00e9m. Na\u0161i sprievodcovia sa o v\u00e1s bezpe\u010dne postaraj\u00fa aj v zimn\u00fdch podmienkach.<\/p>\n<div class=\"c-scrollbar__track\" role=\"presentation\"><\/div>\n<\/div><\/section><br \/>\n\n<style type=\"text\/css\" data-created_by=\"avia_inline_auto\" id=\"style-css-av-lzpifg3y-5feba6d6483de49c94783b7eb5d4e7eb\">\n#top .hr.hr-invisible.av-lzpifg3y-5feba6d6483de49c94783b7eb5d4e7eb{\nheight:20px;\n}\n<\/style>\n<div  class='hr av-lzpifg3y-5feba6d6483de49c94783b7eb5d4e7eb hr-invisible  avia-builder-el-4  el_after_av_textblock  el_before_av_textblock'><span class='hr-inner'><span class=\"hr-inner-style\"><\/span><\/span><\/div><br \/>\n\n<style type=\"text\/css\" data-created_by=\"avia_inline_auto\" id=\"style-css-av-lzpi39cp-1b796b8bfb481e168e5cef8ab918edaa\">\n#top .av_textblock_section.av-lzpi39cp-1b796b8bfb481e168e5cef8ab918edaa .avia_textblock{\nfont-size:40px;\ntext-align:center;\n}\n<\/style>\n<section  class='av_textblock_section av-lzpi39cp-1b796b8bfb481e168e5cef8ab918edaa'   itemscope=\"itemscope\" itemtype=\"https:\/\/schema.org\/CreativeWork\" ><div class='avia_textblock'  itemprop=\"text\" ><h2>ABROAD<\/h2>\n<\/div><\/section><br \/>\n\n<style type=\"text\/css\" data-created_by=\"avia_inline_auto\" id=\"style-css-av-lzpiaqva-592122f607b4602dfdd82504949f9c40\">\n#top .av_textblock_section.av-lzpiaqva-592122f607b4602dfdd82504949f9c40 .avia_textblock{\nfont-size:18px;\ntext-align:center;\n}\n<\/style>\n<section  class='av_textblock_section av-lzpiaqva-592122f607b4602dfdd82504949f9c40'   itemscope=\"itemscope\" itemtype=\"https:\/\/schema.org\/CreativeWork\" ><div class='avia_textblock'  itemprop=\"text\" ><p>If you wish to use our mountain guiding services outside of Slovakia, please let us know the location you would like to visit. The same applies to mountain ranges in Slovakia that are not listed on our website (Slovak Paradise, Poloniny, etc.).<\/p>\n<div class=\"c-scrollbar__track\" role=\"presentation\"><\/div>\n<\/div><\/section><\/p><\/div><div class='av-flex-placeholder'><\/div><div  class='flex_column av-7j28is-537572c04655189e7703156e06e62371 av_one_half  avia-builder-el-7  el_after_av_one_half  avia-builder-el-last  flex_column_table_cell av-equal-height-column av-align-middle'     ><div id='av-masonry-1' class='av-masonry av-lzo3pb7t-cc52c0a11ee89ccf7ba4bdb121b38fc1 noHover av-fixed-size av-large-gap av-hover-overlay-active av-masonry-animation-active av-masonry-col-3 av-caption-always av-caption-style- av-masonry-gallery' data-post_id=\"377\"><div class=\"av-masonry-container isotope av-js-disabled\"><div class='av-masonry-entry isotope-item av-masonry-item-no-image'><\/div><a href=\"https:\/\/mountainjoy.sk\/wp-content\/uploads\/2024\/08\/zahranicie-zima3-1030x773.jpeg\" data-srcset=\"https:\/\/mountainjoy.sk\/wp-content\/uploads\/2024\/08\/zahranicie-zima3-1030x773.jpeg 1030w, https:\/\/mountainjoy.sk\/wp-content\/uploads\/2024\/08\/zahranicie-zima3-300x225.jpeg 300w, https:\/\/mountainjoy.sk\/wp-content\/uploads\/2024\/08\/zahranicie-zima3-768x576.jpeg 768w, https:\/\/mountainjoy.sk\/wp-content\/uploads\/2024\/08\/zahranicie-zima3-705x529.jpeg 705w, https:\/\/mountainjoy.sk\/wp-content\/uploads\/2024\/08\/zahranicie-zima3.jpeg 1200w\" data-sizes=\"(max-width: 1030px) 100vw, 1030px\"  aria-label=\"image V Gruz\u00ednsku\"  id='av-masonry-1-item-513' data-av-masonry-item='513' class='av-masonry-entry isotope-item post-513 attachment type-attachment status-inherit hentry  av-masonry-item-with-image av-grid-img' title=\"V Gruz\u00ednsku\" alt=\"V Gruz\u00ednsku\"    itemprop=\"thumbnailUrl\" ><div class='av-inner-masonry-sizer'><\/div><figure class='av-inner-masonry main_color'><div class=\"av-masonry-outerimage-container\"><div class='av-masonry-image-container' style=\"background-image: url(https:\/\/mountainjoy.sk\/wp-content\/uploads\/2024\/08\/zahranicie-zima3-705x529.jpeg);\"  title=\"V Gruz\u00ednsku\" ><\/div><\/div><\/figure><\/a><!--end av-masonry entry--><a href=\"https:\/\/mountainjoy.sk\/wp-content\/uploads\/2024\/08\/zahranicie-zima6-1030x773.jpg\" data-srcset=\"https:\/\/mountainjoy.sk\/wp-content\/uploads\/2024\/08\/zahranicie-zima6-1030x773.jpg 1030w, https:\/\/mountainjoy.sk\/wp-content\/uploads\/2024\/08\/zahranicie-zima6-300x225.jpg 300w, https:\/\/mountainjoy.sk\/wp-content\/uploads\/2024\/08\/zahranicie-zima6-768x576.jpg 768w, https:\/\/mountainjoy.sk\/wp-content\/uploads\/2024\/08\/zahranicie-zima6-705x529.jpg 705w, https:\/\/mountainjoy.sk\/wp-content\/uploads\/2024\/08\/zahranicie-zima6.jpg 1200w\" data-sizes=\"(max-width: 1030px) 100vw, 1030px\"  aria-label=\"image Stubai\"  id='av-masonry-1-item-516' data-av-masonry-item='516' class='av-masonry-entry isotope-item post-516 attachment type-attachment status-inherit hentry  av-masonry-item-with-image av-grid-img' title=\"Stubai\" alt=\"Stubai\"    itemprop=\"thumbnailUrl\" ><div class='av-inner-masonry-sizer'><\/div><figure class='av-inner-masonry main_color'><div class=\"av-masonry-outerimage-container\"><div class='av-masonry-image-container' style=\"background-image: url(https:\/\/mountainjoy.sk\/wp-content\/uploads\/2024\/08\/zahranicie-zima6-705x529.jpg);\"  title=\"Stubai\" ><\/div><\/div><\/figure><\/a><!--end av-masonry entry--><a href=\"https:\/\/mountainjoy.sk\/wp-content\/uploads\/2024\/08\/zahranicie-zima4-rotated.jpeg\" data-srcset=\"https:\/\/mountainjoy.sk\/wp-content\/uploads\/2024\/08\/zahranicie-zima4-rotated.jpeg 675w, https:\/\/mountainjoy.sk\/wp-content\/uploads\/2024\/08\/zahranicie-zima4-225x300.jpeg 225w, https:\/\/mountainjoy.sk\/wp-content\/uploads\/2024\/08\/zahranicie-zima4-529x705.jpeg 529w\" data-sizes=\"(max-width: 675px) 100vw, 675px\"  aria-label=\"image Island Esjan\"  id='av-masonry-1-item-514' data-av-masonry-item='514' class='av-masonry-entry isotope-item post-514 attachment type-attachment status-inherit hentry  av-masonry-item-with-image av-grid-img' title=\"Island Esjan\" alt=\"Island Esjan\"    itemprop=\"thumbnailUrl\" ><div class='av-inner-masonry-sizer'><\/div><figure class='av-inner-masonry main_color'><div class=\"av-masonry-outerimage-container\"><div class='av-masonry-image-container' style=\"background-image: url(https:\/\/mountainjoy.sk\/wp-content\/uploads\/2024\/08\/zahranicie-zima4-529x705.jpeg);\"  title=\"Island Esjan\" ><\/div><\/div><\/figure><\/a><!--end av-masonry entry--><a href=\"https:\/\/mountainjoy.sk\/wp-content\/uploads\/2024\/08\/zahranicie-zima5-rotated.jpeg\" data-srcset=\"https:\/\/mountainjoy.sk\/wp-content\/uploads\/2024\/08\/zahranicie-zima5-rotated.jpeg 675w, https:\/\/mountainjoy.sk\/wp-content\/uploads\/2024\/08\/zahranicie-zima5-225x300.jpeg 225w, https:\/\/mountainjoy.sk\/wp-content\/uploads\/2024\/08\/zahranicie-zima5-529x705.jpeg 529w\" data-sizes=\"(max-width: 675px) 100vw, 675px\"  aria-label=\"image Hrebe\u0148om N\u00edzkych Tatier\"  id='av-masonry-1-item-515' data-av-masonry-item='515' class='av-masonry-entry isotope-item post-515 attachment type-attachment status-inherit hentry  av-masonry-item-with-image av-grid-img' title=\"Hrebe\u0148om N\u00edzkych Tatier\" alt=\"Hrebe\u0148om N\u00edzkych Tatier\"    itemprop=\"thumbnailUrl\" ><div class='av-inner-masonry-sizer'><\/div><figure class='av-inner-masonry main_color'><div class=\"av-masonry-outerimage-container\"><div class='av-masonry-image-container' style=\"background-image: url(https:\/\/mountainjoy.sk\/wp-content\/uploads\/2024\/08\/zahranicie-zima5-529x705.jpeg);\"  title=\"Hrebe\u0148om N\u00edzkych Tatier\" ><\/div><\/div><\/figure><\/a><!--end av-masonry entry--><a href=\"https:\/\/mountainjoy.sk\/wp-content\/uploads\/2024\/08\/zahranicie-zima1-1030x773.jpeg\" data-srcset=\"https:\/\/mountainjoy.sk\/wp-content\/uploads\/2024\/08\/zahranicie-zima1-1030x773.jpeg 1030w, https:\/\/mountainjoy.sk\/wp-content\/uploads\/2024\/08\/zahranicie-zima1-300x225.jpeg 300w, https:\/\/mountainjoy.sk\/wp-content\/uploads\/2024\/08\/zahranicie-zima1-768x576.jpeg 768w, https:\/\/mountainjoy.sk\/wp-content\/uploads\/2024\/08\/zahranicie-zima1-705x529.jpeg 705w, https:\/\/mountainjoy.sk\/wp-content\/uploads\/2024\/08\/zahranicie-zima1.jpeg 1200w\" data-sizes=\"(max-width: 1030px) 100vw, 1030px\"  aria-label=\"image Pod Gran Paradiso\"  id='av-masonry-1-item-511' data-av-masonry-item='511' class='av-masonry-entry isotope-item post-511 attachment type-attachment status-inherit hentry  av-masonry-item-with-image av-grid-img' title=\"Pod Gran Paradiso\" alt=\"Pod Gran Paradiso\"    itemprop=\"thumbnailUrl\" ><div class='av-inner-masonry-sizer'><\/div><figure class='av-inner-masonry main_color'><div class=\"av-masonry-outerimage-container\"><div class='av-masonry-image-container' style=\"background-image: url(https:\/\/mountainjoy.sk\/wp-content\/uploads\/2024\/08\/zahranicie-zima1-705x529.jpeg);\"  title=\"Pod Gran Paradiso\" ><\/div><\/div><\/figure><\/a><!--end av-masonry entry--><a href=\"https:\/\/mountainjoy.sk\/wp-content\/uploads\/2024\/08\/zahranicie-zima2-rotated.jpeg\" data-srcset=\"https:\/\/mountainjoy.sk\/wp-content\/uploads\/2024\/08\/zahranicie-zima2-rotated.jpeg 675w, https:\/\/mountainjoy.sk\/wp-content\/uploads\/2024\/08\/zahranicie-zima2-225x300.jpeg 225w, https:\/\/mountainjoy.sk\/wp-content\/uploads\/2024\/08\/zahranicie-zima2-529x705.jpeg 529w\" data-sizes=\"(max-width: 675px) 100vw, 675px\"  aria-label=\"image Pod Kazbekom\"  id='av-masonry-1-item-512' data-av-masonry-item='512' class='av-masonry-entry isotope-item post-512 attachment type-attachment status-inherit hentry  av-masonry-item-with-image av-grid-img' title=\"Pod Kazbekom\" alt=\"Pod Kazbekom\"    itemprop=\"thumbnailUrl\" ><div class='av-inner-masonry-sizer'><\/div><figure class='av-inner-masonry main_color'><div class=\"av-masonry-outerimage-container\"><div class='av-masonry-image-container' style=\"background-image: url(https:\/\/mountainjoy.sk\/wp-content\/uploads\/2024\/08\/zahranicie-zima2-529x705.jpeg);\"  title=\"Pod Kazbekom\" ><\/div><\/div><\/figure><\/a><!--end av-masonry entry--><\/div><\/div><\/div><\/div><!--close column table wrapper. Autoclose: 1 --><\/div><\/div><\/main><!-- close content main element --><\/div><\/div>\n<style type=\"text\/css\" data-created_by=\"avia_inline_auto\" id=\"style-css-av-lztvv0xd-0104a844a7bd90cb9b2b7e387eec8185\">\n.avia-section.av-lztvv0xd-0104a844a7bd90cb9b2b7e387eec8185{\nbackground-color:#ffffff;\nbackground-image:unset;\n}\n<\/style>\n<div id='av_section_2'  class='avia-section av-lztvv0xd-0104a844a7bd90cb9b2b7e387eec8185 main_color avia-section-default avia-no-border-styling  avia-builder-el-9  el_after_av_section  avia-builder-el-last  av-desktop-hide avia-bg-style-scroll container_wrap fullsize'  ><div class='container av-section-cont-open' ><div class='template-page content  av-content-full alpha units'><div class='post-entry post-entry-type-page post-entry-377'><div class='entry-content-wrapper clearfix'>\n\n<style type=\"text\/css\" data-created_by=\"avia_inline_auto\" id=\"style-css-av-zn5yp-84c852696e1410d3a2161e681780e240\">\n#top .av_textblock_section.av-zn5yp-84c852696e1410d3a2161e681780e240 .avia_textblock{\nfont-size:40px;\ntext-align:center;\n}\n<\/style>\n<section  class='av_textblock_section av-zn5yp-84c852696e1410d3a2161e681780e240'   itemscope=\"itemscope\" itemtype=\"https:\/\/schema.org\/CreativeWork\" ><div class='avia_textblock'  itemprop=\"text\" ><h1>WINTER ACTIVITIES<\/h1>\n<\/div><\/section>\n\n<style type=\"text\/css\" data-created_by=\"avia_inline_auto\" id=\"style-css-av-rhc15-8de871103cdc7d603d98a906d884af8c\">\n#top .av_textblock_section.av-rhc15-8de871103cdc7d603d98a906d884af8c .avia_textblock{\nfont-size:18px;\ntext-align:center;\n}\n<\/style>\n<section  class='av_textblock_section av-rhc15-8de871103cdc7d603d98a906d884af8c'   itemscope=\"itemscope\" itemtype=\"https:\/\/schema.org\/CreativeWork\" ><div class='avia_textblock'  itemprop=\"text\" ><p>Our mountain leading services are not limited to the summer season. If you enjoy hiking but the snow has fallen, that's no problem at all. We'll take skis or snowshoes and head into the mountains. Feel free to choose any hike along open, marked winter trails.<br \/>\nChcete sa len nau\u010di\u0165 pou\u017e\u00edva\u0165 sne\u017enice, ma\u010dky, cep\u00edn, alebo in\u00fa \u010das\u0165 zimnej v\u00fdbavy? Nieje tie\u017e \u017eiadny probl\u00e9m. Na\u0161i sprievodcovia sa o v\u00e1s bezpe\u010dne postaraj\u00fa aj v zimn\u00fdch podmienkach.<\/p>\n<div class=\"c-scrollbar__track\" role=\"presentation\"><\/div>\n<\/div><\/section>\n\n<style type=\"text\/css\" data-created_by=\"avia_inline_auto\" id=\"style-css-av-m3aox-e229737c09a49f664b79bcf6b9015a85\">\n#top .hr.hr-invisible.av-m3aox-e229737c09a49f664b79bcf6b9015a85{\nheight:20px;\n}\n<\/style>\n<div  class='hr av-m3aox-e229737c09a49f664b79bcf6b9015a85 hr-invisible  avia-builder-el-12  el_after_av_textblock  el_before_av_textblock'><span class='hr-inner'><span class=\"hr-inner-style\"><\/span><\/span><\/div>\n\n<style type=\"text\/css\" data-created_by=\"avia_inline_auto\" id=\"style-css-av-fjwxd-39ea215d061c7b50f661978cf5b6efcf\">\n#top .av_textblock_section.av-fjwxd-39ea215d061c7b50f661978cf5b6efcf .avia_textblock{\nfont-size:40px;\ntext-align:center;\n}\n<\/style>\n<section  class='av_textblock_section av-fjwxd-39ea215d061c7b50f661978cf5b6efcf'   itemscope=\"itemscope\" itemtype=\"https:\/\/schema.org\/CreativeWork\" ><div class='avia_textblock'  itemprop=\"text\" ><h2>ABROAD<\/h2>\n<\/div><\/section>\n\n<style type=\"text\/css\" data-created_by=\"avia_inline_auto\" id=\"style-css-av-9gwo1-eeb4450b76971c9dc74cc26ed7ff36c9\">\n#top .av_textblock_section.av-9gwo1-eeb4450b76971c9dc74cc26ed7ff36c9 .avia_textblock{\nfont-size:18px;\ntext-align:center;\n}\n<\/style>\n<section  class='av_textblock_section av-9gwo1-eeb4450b76971c9dc74cc26ed7ff36c9'   itemscope=\"itemscope\" itemtype=\"https:\/\/schema.org\/CreativeWork\" ><div class='avia_textblock'  itemprop=\"text\" ><p>If you wish to use our mountain guiding services outside of Slovakia, please let us know the location you would like to visit. The same applies to mountain ranges in Slovakia that are not listed on our website (Slovak Paradise, Poloniny, etc.).<\/p>\n<div class=\"c-scrollbar__track\" role=\"presentation\"><\/div>\n<\/div><\/section>\n<div id='av-masonry-2' class='av-masonry av-lztvvyy9-85824886dd1e2d90ae429480e756c7ca noHover av-fixed-size av-large-gap av-hover-overlay-active av-masonry-animation-active av-masonry-col-flexible av-caption-always av-caption-style- av-masonry-gallery av-desktop-columns-overwrite av-desktop-columns-3 av-medium-columns-overwrite av-medium-columns-3 av-small-columns-overwrite av-small-columns-2 av-mini-columns-overwrite av-mini-columns-2' data-post_id=\"377\"><div class=\"av-masonry-container isotope av-js-disabled\"><div class='av-masonry-entry isotope-item av-masonry-item-no-image'><\/div><a href=\"https:\/\/mountainjoy.sk\/wp-content\/uploads\/2024\/08\/zahranicie-zima3-1030x773.jpeg\" data-srcset=\"https:\/\/mountainjoy.sk\/wp-content\/uploads\/2024\/08\/zahranicie-zima3-1030x773.jpeg 1030w, https:\/\/mountainjoy.sk\/wp-content\/uploads\/2024\/08\/zahranicie-zima3-300x225.jpeg 300w, https:\/\/mountainjoy.sk\/wp-content\/uploads\/2024\/08\/zahranicie-zima3-768x576.jpeg 768w, https:\/\/mountainjoy.sk\/wp-content\/uploads\/2024\/08\/zahranicie-zima3-705x529.jpeg 705w, https:\/\/mountainjoy.sk\/wp-content\/uploads\/2024\/08\/zahranicie-zima3.jpeg 1200w\" data-sizes=\"(max-width: 1030px) 100vw, 1030px\"  aria-label=\"image V Gruz\u00ednsku\"  id='av-masonry-2-item-513' data-av-masonry-item='513' class='av-masonry-entry isotope-item post-513 attachment type-attachment status-inherit hentry  av-masonry-item-with-image av-grid-img' title=\"V Gruz\u00ednsku\" alt=\"V Gruz\u00ednsku\"    itemprop=\"thumbnailUrl\" ><div class='av-inner-masonry-sizer'><\/div><figure class='av-inner-masonry main_color'><div class=\"av-masonry-outerimage-container\"><div class='av-masonry-image-container' style=\"background-image: url(https:\/\/mountainjoy.sk\/wp-content\/uploads\/2024\/08\/zahranicie-zima3-705x529.jpeg);\"  title=\"V Gruz\u00ednsku\" ><\/div><\/div><\/figure><\/a><!--end av-masonry entry--><a href=\"https:\/\/mountainjoy.sk\/wp-content\/uploads\/2024\/08\/zahranicie-zima6-1030x773.jpg\" data-srcset=\"https:\/\/mountainjoy.sk\/wp-content\/uploads\/2024\/08\/zahranicie-zima6-1030x773.jpg 1030w, https:\/\/mountainjoy.sk\/wp-content\/uploads\/2024\/08\/zahranicie-zima6-300x225.jpg 300w, https:\/\/mountainjoy.sk\/wp-content\/uploads\/2024\/08\/zahranicie-zima6-768x576.jpg 768w, https:\/\/mountainjoy.sk\/wp-content\/uploads\/2024\/08\/zahranicie-zima6-705x529.jpg 705w, https:\/\/mountainjoy.sk\/wp-content\/uploads\/2024\/08\/zahranicie-zima6.jpg 1200w\" data-sizes=\"(max-width: 1030px) 100vw, 1030px\"  aria-label=\"image Stubai\"  id='av-masonry-2-item-516' data-av-masonry-item='516' class='av-masonry-entry isotope-item post-516 attachment type-attachment status-inherit hentry  av-masonry-item-with-image av-grid-img' title=\"Stubai\" alt=\"Stubai\"    itemprop=\"thumbnailUrl\" ><div class='av-inner-masonry-sizer'><\/div><figure class='av-inner-masonry main_color'><div class=\"av-masonry-outerimage-container\"><div class='av-masonry-image-container' style=\"background-image: url(https:\/\/mountainjoy.sk\/wp-content\/uploads\/2024\/08\/zahranicie-zima6-705x529.jpg);\"  title=\"Stubai\" ><\/div><\/div><\/figure><\/a><!--end av-masonry entry--><a href=\"https:\/\/mountainjoy.sk\/wp-content\/uploads\/2024\/08\/zahranicie-zima4-rotated.jpeg\" data-srcset=\"https:\/\/mountainjoy.sk\/wp-content\/uploads\/2024\/08\/zahranicie-zima4-rotated.jpeg 675w, https:\/\/mountainjoy.sk\/wp-content\/uploads\/2024\/08\/zahranicie-zima4-225x300.jpeg 225w, https:\/\/mountainjoy.sk\/wp-content\/uploads\/2024\/08\/zahranicie-zima4-529x705.jpeg 529w\" data-sizes=\"(max-width: 675px) 100vw, 675px\"  aria-label=\"image Island Esjan\"  id='av-masonry-2-item-514' data-av-masonry-item='514' class='av-masonry-entry isotope-item post-514 attachment type-attachment status-inherit hentry  av-masonry-item-with-image av-grid-img' title=\"Island Esjan\" alt=\"Island Esjan\"    itemprop=\"thumbnailUrl\" ><div class='av-inner-masonry-sizer'><\/div><figure class='av-inner-masonry main_color'><div class=\"av-masonry-outerimage-container\"><div class='av-masonry-image-container' style=\"background-image: url(https:\/\/mountainjoy.sk\/wp-content\/uploads\/2024\/08\/zahranicie-zima4-529x705.jpeg);\"  title=\"Island Esjan\" ><\/div><\/div><\/figure><\/a><!--end av-masonry entry--><a href=\"https:\/\/mountainjoy.sk\/wp-content\/uploads\/2024\/08\/zahranicie-zima5-rotated.jpeg\" data-srcset=\"https:\/\/mountainjoy.sk\/wp-content\/uploads\/2024\/08\/zahranicie-zima5-rotated.jpeg 675w, https:\/\/mountainjoy.sk\/wp-content\/uploads\/2024\/08\/zahranicie-zima5-225x300.jpeg 225w, https:\/\/mountainjoy.sk\/wp-content\/uploads\/2024\/08\/zahranicie-zima5-529x705.jpeg 529w\" data-sizes=\"(max-width: 675px) 100vw, 675px\"  aria-label=\"image Hrebe\u0148om N\u00edzkych Tatier\"  id='av-masonry-2-item-515' data-av-masonry-item='515' class='av-masonry-entry isotope-item post-515 attachment type-attachment status-inherit hentry  av-masonry-item-with-image av-grid-img' title=\"Hrebe\u0148om N\u00edzkych Tatier\" alt=\"Hrebe\u0148om N\u00edzkych Tatier\"    itemprop=\"thumbnailUrl\" ><div class='av-inner-masonry-sizer'><\/div><figure class='av-inner-masonry main_color'><div class=\"av-masonry-outerimage-container\"><div class='av-masonry-image-container' style=\"background-image: url(https:\/\/mountainjoy.sk\/wp-content\/uploads\/2024\/08\/zahranicie-zima5-529x705.jpeg);\"  title=\"Hrebe\u0148om N\u00edzkych Tatier\" ><\/div><\/div><\/figure><\/a><!--end av-masonry entry--><a href=\"https:\/\/mountainjoy.sk\/wp-content\/uploads\/2024\/08\/zahranicie-zima1-1030x773.jpeg\" data-srcset=\"https:\/\/mountainjoy.sk\/wp-content\/uploads\/2024\/08\/zahranicie-zima1-1030x773.jpeg 1030w, https:\/\/mountainjoy.sk\/wp-content\/uploads\/2024\/08\/zahranicie-zima1-300x225.jpeg 300w, https:\/\/mountainjoy.sk\/wp-content\/uploads\/2024\/08\/zahranicie-zima1-768x576.jpeg 768w, https:\/\/mountainjoy.sk\/wp-content\/uploads\/2024\/08\/zahranicie-zima1-705x529.jpeg 705w, https:\/\/mountainjoy.sk\/wp-content\/uploads\/2024\/08\/zahranicie-zima1.jpeg 1200w\" data-sizes=\"(max-width: 1030px) 100vw, 1030px\"  aria-label=\"image Pod Gran Paradiso\"  id='av-masonry-2-item-511' data-av-masonry-item='511' class='av-masonry-entry isotope-item post-511 attachment type-attachment status-inherit hentry  av-masonry-item-with-image av-grid-img' title=\"Pod Gran Paradiso\" alt=\"Pod Gran Paradiso\"    itemprop=\"thumbnailUrl\" ><div class='av-inner-masonry-sizer'><\/div><figure class='av-inner-masonry main_color'><div class=\"av-masonry-outerimage-container\"><div class='av-masonry-image-container' style=\"background-image: url(https:\/\/mountainjoy.sk\/wp-content\/uploads\/2024\/08\/zahranicie-zima1-705x529.jpeg);\"  title=\"Pod Gran Paradiso\" ><\/div><\/div><\/figure><\/a><!--end av-masonry entry--><a href=\"https:\/\/mountainjoy.sk\/wp-content\/uploads\/2024\/08\/zahranicie-zima2-rotated.jpeg\" data-srcset=\"https:\/\/mountainjoy.sk\/wp-content\/uploads\/2024\/08\/zahranicie-zima2-rotated.jpeg 675w, https:\/\/mountainjoy.sk\/wp-content\/uploads\/2024\/08\/zahranicie-zima2-225x300.jpeg 225w, https:\/\/mountainjoy.sk\/wp-content\/uploads\/2024\/08\/zahranicie-zima2-529x705.jpeg 529w\" data-sizes=\"(max-width: 675px) 100vw, 675px\"  aria-label=\"image Pod Kazbekom\"  id='av-masonry-2-item-512' data-av-masonry-item='512' class='av-masonry-entry isotope-item post-512 attachment type-attachment status-inherit hentry  av-masonry-item-with-image av-grid-img' title=\"Pod Kazbekom\" alt=\"Pod Kazbekom\"    itemprop=\"thumbnailUrl\" ><div class='av-inner-masonry-sizer'><\/div><figure class='av-inner-masonry main_color'><div class=\"av-masonry-outerimage-container\"><div class='av-masonry-image-container' style=\"background-image: url(https:\/\/mountainjoy.sk\/wp-content\/uploads\/2024\/08\/zahranicie-zima2-529x705.jpeg);\"  title=\"Pod Kazbekom\" ><\/div><\/div><\/figure><\/a><!--end av-masonry entry--><\/div><\/div>\n<\/p>","protected":false},"excerpt":{"rendered":"","protected":false},"author":1,"featured_media":0,"parent":0,"menu_order":0,"comment_status":"closed","ping_status":"closed","template":"","meta":{"footnotes":""},"class_list":["post-377","page","type-page","status-publish","hentry"],"_links":{"self":[{"href":"https:\/\/mountainjoy.sk\/en\/wp-json\/wp\/v2\/pages\/377","targetHints":{"allow":["GET"]}}],"collection":[{"href":"https:\/\/mountainjoy.sk\/en\/wp-json\/wp\/v2\/pages"}],"about":[{"href":"https:\/\/mountainjoy.sk\/en\/wp-json\/wp\/v2\/types\/page"}],"author":[{"embeddable":true,"href":"https:\/\/mountainjoy.sk\/en\/wp-json\/wp\/v2\/users\/1"}],"replies":[{"embeddable":true,"href":"https:\/\/mountainjoy.sk\/en\/wp-json\/wp\/v2\/comments?post=377"}],"version-history":[{"count":0,"href":"https:\/\/mountainjoy.sk\/en\/wp-json\/wp\/v2\/pages\/377\/revisions"}],"wp:attachment":[{"href":"https:\/\/mountainjoy.sk\/en\/wp-json\/wp\/v2\/media?parent=377"}],"curies":[{"name":"wp","href":"https:\/\/api.w.org\/{rel}","templated":true}]}}