{"id":608,"date":"2024-08-14T18:38:15","date_gmt":"2024-08-14T16:38:15","guid":{"rendered":"https:\/\/www.mountainjoy.sk\/?page_id=608"},"modified":"2024-08-14T18:39:49","modified_gmt":"2024-08-14T16:39:49","slug":"vseobecne-obchodne-podmienky","status":"publish","type":"page","link":"https:\/\/mountainjoy.sk\/en\/vseobecne-obchodne-podmienky\/","title":{"rendered":"V\u0161eobecn\u00e9 obchodn\u00e9 podmienky"},"content":{"rendered":"<style type=\"text\/css\" data-created_by=\"avia_inline_auto\" id=\"style-css-av-lzu04j0c-281c18563151a8c7a252b6534db65406\">\n#top .av_textblock_section.av-lzu04j0c-281c18563151a8c7a252b6534db65406 .avia_textblock{\nfont-size:40px;\ntext-align:center;\n}\n<\/style>\n<section  class='av_textblock_section av-lzu04j0c-281c18563151a8c7a252b6534db65406'   itemscope=\"itemscope\" itemtype=\"https:\/\/schema.org\/CreativeWork\" ><div class='avia_textblock'  itemprop=\"text\" ><h1>GENERAL COMPANY CONDITIONS<\/h1>\n<\/div><\/section>\n<div  class='hr av-lzu0hqub-5326bc8bb14692d4b59f663fb4b91fdf hr-short  avia-builder-el-1  el_after_av_textblock  el_before_av_textblock  hr-center'><span class='hr-inner'><span class=\"hr-inner-style\"><\/span><\/span><\/div>\n\n<style type=\"text\/css\" data-created_by=\"avia_inline_auto\" id=\"style-css-av-lzu09d22-43e859ad32215107965f01221e0c01d3\">\n#top .av_textblock_section.av-lzu09d22-43e859ad32215107965f01221e0c01d3 .avia_textblock{\nfont-size:40px;\ntext-align:center;\n}\n<\/style>\n<section  class='av_textblock_section av-lzu09d22-43e859ad32215107965f01221e0c01d3'   itemscope=\"itemscope\" itemtype=\"https:\/\/schema.org\/CreativeWork\" ><div class='avia_textblock'  itemprop=\"text\" ><h3>RESERVATION<\/h3>\n<h2><\/h2>\n<\/div><\/section>\n\n<style type=\"text\/css\" data-created_by=\"avia_inline_auto\" id=\"style-css-av-lzu0fq2r-07022e93c93c87f9dac118c6286a2fd5\">\n#top .av_textblock_section.av-lzu0fq2r-07022e93c93c87f9dac118c6286a2fd5 .avia_textblock{\nfont-size:18px;\ntext-align:left;\n}\n<\/style>\n<section  class='av_textblock_section av-lzu0fq2r-07022e93c93c87f9dac118c6286a2fd5'   itemscope=\"itemscope\" itemtype=\"https:\/\/schema.org\/CreativeWork\" ><div class='avia_textblock'  itemprop=\"text\" ><p>Activities we offer \u2013 hiking, peak ascents, team-building events, and others (hereinafter referred to as <strong>aktivity<\/strong>) can be booked by filling out the contact form, sending an email, or calling us. If the customer contacts us via the contact form or email, they will receive a confirmation email from us with all the detailed information regarding the reservation and payment. The reservation becomes binding upon payment of a deposit amounting to 100% of the total sum. The client will be informed of the reservation confirmation and payment receipt via email.<\/p>\n<\/div><\/section>\n\n<style type=\"text\/css\" data-created_by=\"avia_inline_auto\" id=\"style-css-av-lzu0peku-e2eb6fb41d81cee1f0033ffbcf105155\">\n#top .hr.hr-invisible.av-lzu0peku-e2eb6fb41d81cee1f0033ffbcf105155{\nheight:15px;\n}\n<\/style>\n<div  class='hr av-lzu0peku-e2eb6fb41d81cee1f0033ffbcf105155 hr-invisible  avia-builder-el-4  el_after_av_textblock  el_before_av_textblock'><span class='hr-inner'><span class=\"hr-inner-style\"><\/span><\/span><\/div>\n\n<style type=\"text\/css\" data-created_by=\"avia_inline_auto\" id=\"style-css-av-lzu0l17t-4fa75a20d1057368eca1f8e8e5a1cc55\">\n#top .av_textblock_section.av-lzu0l17t-4fa75a20d1057368eca1f8e8e5a1cc55 .avia_textblock{\nfont-size:40px;\ntext-align:center;\n}\n<\/style>\n<section  class='av_textblock_section av-lzu0l17t-4fa75a20d1057368eca1f8e8e5a1cc55'   itemscope=\"itemscope\" itemtype=\"https:\/\/schema.org\/CreativeWork\" ><div class='avia_textblock'  itemprop=\"text\" ><h3>CANCELATION<\/h3>\n<h2><\/h2>\n<\/div><\/section>\n\n<style type=\"text\/css\" data-created_by=\"avia_inline_auto\" id=\"style-css-av-lzu0s32c-74f382f53685b73661248985e20fd3c2\">\n#top .av_textblock_section.av-lzu0s32c-74f382f53685b73661248985e20fd3c2 .avia_textblock{\nfont-size:18px;\ntext-align:left;\n}\n<\/style>\n<section  class='av_textblock_section av-lzu0s32c-74f382f53685b73661248985e20fd3c2'   itemscope=\"itemscope\" itemtype=\"https:\/\/schema.org\/CreativeWork\" ><div class='avia_textblock'  itemprop=\"text\" ><ul>\n<li style=\"text-align: left;\">If the reserved activity is canceled due to our fault, the customer will be refunded 100% of the amount paid.<\/li>\n<li style=\"text-align: left;\">If the activity is canceled in advance due to bad weather, the customer has the option to choose an alternative date.<\/li>\n<li style=\"text-align: left;\">If the activity is canceled due to bad weather and the customer agrees to an alternative date, but the prices for the activity have been adjusted in the meantime, the customer will be charged the difference for the new activity price.<\/li>\n<li style=\"text-align: left;\">If the customer cancels the activity 1, 2, or 3 days before it is scheduled, they forfeit the right to a refund.<\/li>\n<\/ul>\n<\/div><\/section>\n\n<style type=\"text\/css\" data-created_by=\"avia_inline_auto\" id=\"style-css-av-10xtxc-1f6c09b610a2510b7f65c0fd47f1c0cd\">\n#top .hr.hr-invisible.av-10xtxc-1f6c09b610a2510b7f65c0fd47f1c0cd{\nheight:15px;\n}\n<\/style>\n<div  class='hr av-10xtxc-1f6c09b610a2510b7f65c0fd47f1c0cd hr-invisible  avia-builder-el-7  el_after_av_textblock  el_before_av_textblock'><span class='hr-inner'><span class=\"hr-inner-style\"><\/span><\/span><\/div>\n\n<style type=\"text\/css\" data-created_by=\"avia_inline_auto\" id=\"style-css-av-lzu16p72-3d3d167f38c021bb5bba7d3e11f6de75\">\n#top .av_textblock_section.av-lzu16p72-3d3d167f38c021bb5bba7d3e11f6de75 .avia_textblock{\nfont-size:40px;\ntext-align:center;\n}\n<\/style>\n<section  class='av_textblock_section av-lzu16p72-3d3d167f38c021bb5bba7d3e11f6de75'   itemscope=\"itemscope\" itemtype=\"https:\/\/schema.org\/CreativeWork\" ><div class='avia_textblock'  itemprop=\"text\" ><h3>STORNO PAYMENTS<\/h3>\n<h2><\/h2>\n<\/div><\/section>\n\n<style type=\"text\/css\" data-created_by=\"avia_inline_auto\" id=\"style-css-av-lzu1nleg-ea8be7cb1934984197971b58b844c48f\">\n#top .av_textblock_section.av-lzu1nleg-ea8be7cb1934984197971b58b844c48f .avia_textblock{\nfont-size:18px;\ntext-align:left;\n}\n<\/style>\n<section  class='av_textblock_section av-lzu1nleg-ea8be7cb1934984197971b58b844c48f'   itemscope=\"itemscope\" itemtype=\"https:\/\/schema.org\/CreativeWork\" ><div class='avia_textblock'  itemprop=\"text\" ><ul>\n<li style=\"text-align: left;\">If the customer changes the date more than twice, an administrative fee will be charged for each additional change: <strong>20 \u20ac<\/strong>.<\/li>\n<li style=\"text-align: left;\">If the customer cancels the activity 3 days before its start date during the off-season and 7 days before its start date during the peak season (from June 1 to October 31), an administrative fee will be charged: <strong>100 % from full price. <\/strong><\/li>\n<li style=\"text-align: left;\">If the mountain guide arrives at the meeting point but the activity does not proceed, an administrative fee will be charged to the client: <strong>30 \u20ac<\/strong><\/li>\n<li style=\"text-align: left;\">If the mountain guide arrives at the accommodation (cabin, etc.) but the activity is canceled, an administrative fee will be charged to the client: <strong>50 \u20ac<\/strong><\/li>\n<li style=\"text-align: left;\">If the activity is canceled due to the client's insufficient physical fitness or technical preparedness, an administrative fee will be charged to the customer: <strong>100 % z celkovej ceny<\/strong>.<\/li>\n<li style=\"text-align: left;\">If it is a corporate team-building event and the company sends a binding order but cancels it 10 days before it starts, an administrative fee will be charged <strong>50 % z celkovej ceny<\/strong>.<\/li>\n<li style=\"text-align: left;\">If it is a lecture and the company sends a binding order but cancels it 10 days before it starts, an administrative fee will be charged - <strong>50 % z celkovej ceny<\/strong>.<\/li>\n<\/ul>\n<\/div><\/section>\n\n<style type=\"text\/css\" data-created_by=\"avia_inline_auto\" id=\"style-css-av-yt19k-e7d2a72814915798332abe2d79e51ae2\">\n#top .hr.hr-invisible.av-yt19k-e7d2a72814915798332abe2d79e51ae2{\nheight:15px;\n}\n<\/style>\n<div  class='hr av-yt19k-e7d2a72814915798332abe2d79e51ae2 hr-invisible  avia-builder-el-10  el_after_av_textblock  el_before_av_textblock'><span class='hr-inner'><span class=\"hr-inner-style\"><\/span><\/span><\/div>\n\n<style type=\"text\/css\" data-created_by=\"avia_inline_auto\" id=\"style-css-av-lzu1pbve-cad7bdecdef5317d7045899f5f81f3d8\">\n#top .av_textblock_section.av-lzu1pbve-cad7bdecdef5317d7045899f5f81f3d8 .avia_textblock{\nfont-size:40px;\ntext-align:center;\n}\n<\/style>\n<section  class='av_textblock_section av-lzu1pbve-cad7bdecdef5317d7045899f5f81f3d8'   itemscope=\"itemscope\" itemtype=\"https:\/\/schema.org\/CreativeWork\" ><div class='avia_textblock'  itemprop=\"text\" ><h3>GIFT VOUCHER<\/h3>\n<\/div><\/section>\n\n<style type=\"text\/css\" data-created_by=\"avia_inline_auto\" id=\"style-css-av-lzu1tufn-57dd61d91f860e626344e69ef2ed29fe\">\n#top .av_textblock_section.av-lzu1tufn-57dd61d91f860e626344e69ef2ed29fe .avia_textblock{\nfont-size:18px;\ntext-align:left;\n}\n<\/style>\n<section  class='av_textblock_section av-lzu1tufn-57dd61d91f860e626344e69ef2ed29fe'   itemscope=\"itemscope\" itemtype=\"https:\/\/schema.org\/CreativeWork\" ><div class='avia_textblock'  itemprop=\"text\" ><p>Our gift voucher is valid for 1 year from the date of purchase. The validity of the voucher cannot be extended. The recipient of the voucher can choose a date that suits them and is still available with us, after coordinating with us. After the expiration date, the gift voucher becomes invalid and the paid amount will not be refunded to the customer. The customer is responsible for informing the recipient of these terms.<\/p>\n<\/div><\/section>\n\n<style type=\"text\/css\" data-created_by=\"avia_inline_auto\" id=\"style-css-av-rzxyo-e4976b375bab5287af7aa56690b6824f\">\n#top .hr.hr-invisible.av-rzxyo-e4976b375bab5287af7aa56690b6824f{\nheight:15px;\n}\n<\/style>\n<div  class='hr av-rzxyo-e4976b375bab5287af7aa56690b6824f hr-invisible  avia-builder-el-13  el_after_av_textblock  el_before_av_textblock'><span class='hr-inner'><span class=\"hr-inner-style\"><\/span><\/span><\/div>\n\n<style type=\"text\/css\" data-created_by=\"avia_inline_auto\" id=\"style-css-av-lzu1v2c5-7c12137c02d32c2ec8a46e0bfd1df790\">\n#top .av_textblock_section.av-lzu1v2c5-7c12137c02d32c2ec8a46e0bfd1df790 .avia_textblock{\nfont-size:40px;\ntext-align:center;\n}\n<\/style>\n<section  class='av_textblock_section av-lzu1v2c5-7c12137c02d32c2ec8a46e0bfd1df790'   itemscope=\"itemscope\" itemtype=\"https:\/\/schema.org\/CreativeWork\" ><div class='avia_textblock'  itemprop=\"text\" ><h3>BIG GROUPS<\/h3>\n<\/div><\/section>\n\n<style type=\"text\/css\" data-created_by=\"avia_inline_auto\" id=\"style-css-av-lzu1w8z3-ac914c72a557066ad19c017732f42359\">\n#top .av_textblock_section.av-lzu1w8z3-ac914c72a557066ad19c017732f42359 .avia_textblock{\nfont-size:18px;\ntext-align:left;\n}\n<\/style>\n<section  class='av_textblock_section av-lzu1w8z3-ac914c72a557066ad19c017732f42359'   itemscope=\"itemscope\" itemtype=\"https:\/\/schema.org\/CreativeWork\" ><div class='avia_textblock'  itemprop=\"text\" ><p>If a customer or company reserves multiple mountain guides (depending on the group size) for a specific date, the pricing will be handled individually.<\/p>\n<\/div><\/section>\n\n<style type=\"text\/css\" data-created_by=\"avia_inline_auto\" id=\"style-css-av-ih454-63e15e0bd18fbf499277b09ed3115422\">\n#top .hr.hr-invisible.av-ih454-63e15e0bd18fbf499277b09ed3115422{\nheight:15px;\n}\n<\/style>\n<div  class='hr av-ih454-63e15e0bd18fbf499277b09ed3115422 hr-invisible  avia-builder-el-16  el_after_av_textblock  el_before_av_textblock'><span class='hr-inner'><span class=\"hr-inner-style\"><\/span><\/span><\/div>\n\n<style type=\"text\/css\" data-created_by=\"avia_inline_auto\" id=\"style-css-av-lzu1yhtu-2e553f8fac939a1941c6f0e16a66db34\">\n#top .av_textblock_section.av-lzu1yhtu-2e553f8fac939a1941c6f0e16a66db34 .avia_textblock{\nfont-size:40px;\ntext-align:center;\n}\n<\/style>\n<section  class='av_textblock_section av-lzu1yhtu-2e553f8fac939a1941c6f0e16a66db34'   itemscope=\"itemscope\" itemtype=\"https:\/\/schema.org\/CreativeWork\" ><div class='avia_textblock'  itemprop=\"text\" ><h3>INSURANCE<\/h3>\n<\/div><\/section>\n\n<style type=\"text\/css\" data-created_by=\"avia_inline_auto\" id=\"style-css-av-lzu2njuq-974f50b2434cea83023307efe28d8f42\">\n#top .av_textblock_section.av-lzu2njuq-974f50b2434cea83023307efe28d8f42 .avia_textblock{\nfont-size:18px;\ntext-align:left;\n}\n<\/style>\n<section  class='av_textblock_section av-lzu2njuq-974f50b2434cea83023307efe28d8f42'   itemscope=\"itemscope\" itemtype=\"https:\/\/schema.org\/CreativeWork\" ><div class='avia_textblock'  itemprop=\"text\" ><p>Mountain Joy includes insurance for mountain rescue services in the price of activities in Slovakia. For any activities outside Slovakia, the customer is responsible for obtaining their own insurance.<\/p>\n<\/div><\/section>\n\n<style type=\"text\/css\" data-created_by=\"avia_inline_auto\" id=\"style-css-av-gxors-eb61e8c19ea99248f69d0e404ff47b5a\">\n#top .hr.hr-invisible.av-gxors-eb61e8c19ea99248f69d0e404ff47b5a{\nheight:15px;\n}\n<\/style>\n<div  class='hr av-gxors-eb61e8c19ea99248f69d0e404ff47b5a hr-invisible  avia-builder-el-19  el_after_av_textblock  el_before_av_textblock'><span class='hr-inner'><span class=\"hr-inner-style\"><\/span><\/span><\/div>\n\n<style type=\"text\/css\" data-created_by=\"avia_inline_auto\" id=\"style-css-av-806p4-c08522a45174da7808f5b6a1d97c044f\">\n#top .av_textblock_section.av-806p4-c08522a45174da7808f5b6a1d97c044f .avia_textblock{\nfont-size:40px;\ntext-align:center;\n}\n<\/style>\n<section  class='av_textblock_section av-806p4-c08522a45174da7808f5b6a1d97c044f'   itemscope=\"itemscope\" itemtype=\"https:\/\/schema.org\/CreativeWork\" ><div class='avia_textblock'  itemprop=\"text\" ><h3>SAFETY DURING ACTIVITY<\/h3>\n<\/div><\/section>\n\n<style type=\"text\/css\" data-created_by=\"avia_inline_auto\" id=\"style-css-av-lzu2ck8m-83a8a251fa2f061bdede47f5d891af1c\">\n#top .av_textblock_section.av-lzu2ck8m-83a8a251fa2f061bdede47f5d891af1c .avia_textblock{\nfont-size:18px;\ntext-align:left;\n}\n<\/style>\n<section  class='av_textblock_section av-lzu2ck8m-83a8a251fa2f061bdede47f5d891af1c'   itemscope=\"itemscope\" itemtype=\"https:\/\/schema.org\/CreativeWork\" ><div class='avia_textblock'  itemprop=\"text\" ><p>Movement in high mountain environments can be dangerous, and it is not possible to completely eliminate the risk of injury due to objective reasons (falling rocks, etc.).<\/p>\n<ul>\n<li style=\"text-align: left;\">The customer is obliged to inform us of any health issues that could affect the activity (heart problems, asthma, epilepsy, etc.) before the activity begins and acknowledges that they participate at their own risk.<\/li>\n<li style=\"text-align: left;\">Mountain Joy reserves the right to adjust the number of participants for a given activity at any time throughout the year due to unexpected weather changes or difficult conditions that may arise during that period.<\/li>\n<li style=\"text-align: left;\">Mountain Joy reserves the right to cancel the entire activity if the customer is not sufficiently physically and technically capable, thereby endangering the entire group.<\/li>\n<li style=\"text-align: left;\">The minimum age for children to participate in the activity is 8 years. The child must be in good physical condition.<\/li>\n<li style=\"text-align: left;\">Mountain Joy reserves the right to change the activity location at any time in case of unsuitable conditions or high avalanche risk.<\/li>\n<li style=\"text-align: left;\">Mountain Joy reserves the right to cancel the activity at any time due to unsuitable conditions.<\/li>\n<li style=\"text-align: left;\">Mountain Joy conducts all activities in accordance with the current visitor regulations of the respective national parks.<\/li>\n<\/ul>\n<\/div><\/section>","protected":false},"excerpt":{"rendered":"","protected":false},"author":1,"featured_media":0,"parent":0,"menu_order":0,"comment_status":"closed","ping_status":"closed","template":"","meta":{"footnotes":""},"class_list":["post-608","page","type-page","status-publish","hentry"],"_links":{"self":[{"href":"https:\/\/mountainjoy.sk\/en\/wp-json\/wp\/v2\/pages\/608","targetHints":{"allow":["GET"]}}],"collection":[{"href":"https:\/\/mountainjoy.sk\/en\/wp-json\/wp\/v2\/pages"}],"about":[{"href":"https:\/\/mountainjoy.sk\/en\/wp-json\/wp\/v2\/types\/page"}],"author":[{"embeddable":true,"href":"https:\/\/mountainjoy.sk\/en\/wp-json\/wp\/v2\/users\/1"}],"replies":[{"embeddable":true,"href":"https:\/\/mountainjoy.sk\/en\/wp-json\/wp\/v2\/comments?post=608"}],"version-history":[{"count":0,"href":"https:\/\/mountainjoy.sk\/en\/wp-json\/wp\/v2\/pages\/608\/revisions"}],"wp:attachment":[{"href":"https:\/\/mountainjoy.sk\/en\/wp-json\/wp\/v2\/media?parent=608"}],"curies":[{"name":"wp","href":"https:\/\/api.w.org\/{rel}","templated":true}]}}